{"id":1311,"date":"2017-02-02T07:22:37","date_gmt":"2017-02-02T07:22:37","guid":{"rendered":"http:\/\/wedding-planner.freevision.me\/?page_id=1311"},"modified":"2025-06-19T10:39:52","modified_gmt":"2025-06-19T08:39:52","slug":"10-questions-frequentes-pour-une-faq-mariage","status":"publish","type":"page","link":"https:\/\/www.smartmariage.com\/en\/about\/10-questions-frequentes-pour-une-faq-mariage\/","title":{"rendered":"Faq Mariage"},"content":{"rendered":"<div class=\"wpb-content-wrapper\"><div class=\"vc_row wpb_row vc_row-fluid vc_custom_1746644071837 vc_column-gap-0\"><div class=\"wpb_column vc_column_container vc_col-sm-12 occ-947293\"><div class=\"vc_column-inner\"><div class=\"wpb_wrapper\">\n\t<div class=\"wpb_text_column wpb_content_element\" >\n\t\t<div class=\"wpb_wrapper\">\n\t\t\t<p><strong data-start=\"0\" data-end=\"15\" data-is-only-node=\"\">FAQ mariage<\/strong> : d\u00e9couvrez des r\u00e9ponses aux questions fr\u00e9quentes pour organiser un mariage inoubliable et sans stress.<\/p>\n\n\t\t<\/div>\n\t<\/div>\n<div id=\"1486021447737-2ab53c23-60af\" class=\"vc_do_toggle vc_toggle vc_toggle_rounded vc_toggle_color_black vc_toggle_color_inverted vc_toggle_size_md\"><div class=\"vc_toggle_title\"><h3 style=\"color: #000000;text-align: left\" class=\"vc_custom_heading vc_do_custom_heading\" >Qui invite-t-on \u00e0 son mariage ?<\/h3><i class=\"vc_toggle_icon\"><\/i><\/div><div class=\"vc_toggle_content\"><p><strong data-start=\"0\" data-end=\"15\" data-is-only-node=\"\">FAQ mariage<\/strong> : d\u00e9couvrez des r\u00e9ponses aux questions fr\u00e9quentes pour organiser un mariage inoubliable et sans stress.<\/p>\n<p><br style=\"font-weight: 400;\" \/><br style=\"font-weight: 400;\" \/><\/p>\n<\/div><\/div><div id=\"1486021522344-f617d2c3-4aba\" class=\"vc_do_toggle vc_toggle vc_toggle_rounded vc_toggle_color_black vc_toggle_color_inverted vc_toggle_size_md\"><div class=\"vc_toggle_title\"><h3 style=\"color: #000000;text-align: left\" class=\"vc_custom_heading vc_do_custom_heading\" >Quel est le co\u00fbt par invit\u00e9 ?<\/h3><i class=\"vc_toggle_icon\"><\/i><\/div><div class=\"vc_toggle_content\"><p data-start=\"54\" data-end=\"303\">Faire appel \u00e0 une Wedding Planner \u00e0 Paris, ce n\u2019est pas un luxe, mais une v\u00e9ritable tranquillit\u00e9 d\u2019esprit. Gagner du temps, ma\u00eetriser votre budget, \u00e9viter le stress et les impr\u00e9vus : son accompagnement est essentiel pour un mariage serein et r\u00e9ussi.<\/p>\n<p data-start=\"111\" data-end=\"457\">Pr\u00e9voir un plan B en cas de pluie, organiser un espace enfants, g\u00e9rer les transports, pr\u00e9parer des kits d\u2019urgence, briefer les t\u00e9moins\u2026 autant de d\u00e9tails souvent oubli\u00e9s, mais cruciaux. Ces \u00e9l\u00e9ments, bien qu\u2019ils puissent sembler secondaires, jouent un r\u00f4le essentiel dans le bon d\u00e9roulement de la journ\u00e9e et dans le confort de tous vos invit\u00e9s.<\/p>\n<p data-start=\"459\" data-end=\"837\">Chez M\u00e9lissa Wedding Planner Paris, nous anticipons ces impr\u00e9vus avec rigueur et bienveillance pour que rien ne vienne troubler votre s\u00e9r\u00e9nit\u00e9. Qu\u2019il s\u2019agisse de coordonner les navettes, de pr\u00e9voir des plaids pour une soir\u00e9e en ext\u00e9rieur, ou de s\u2019assurer que le traiteur conna\u00eet les allergies alimentaires de certains convives, chaque petit d\u00e9tail est soigneusement pens\u00e9.<\/p>\n<p data-start=\"839\" data-end=\"1099\">C\u2019est justement cette gestion invisible, mais essentielle, qui permet \u00e0 votre mariage de se d\u00e9rouler sans accroc, dans une ambiance fluide, chaleureuse et rassurante pour vous comme pour vos proches. Parce qu\u2019un mariage r\u00e9ussi se joue aussi dans les coulisses.<\/p>\n<p data-start=\"492\" data-end=\"676\">Le budget par personne varie g\u00e9n\u00e9ralement entre 100\u202f\u20ac et 200\u202f\u20ac, repas, boissons, animations et attentions personnalis\u00e9es incluses. Ensemble, nous ajustons ce montant selon vos besoins.<\/p>\n<ul data-start=\"457\" data-end=\"616\">\n<li data-start=\"457\" data-end=\"496\">\n<p data-start=\"459\" data-end=\"496\"><span class=\"relative -mx-px my-&#091;-0.2rem&#093; rounded px-px py-&#091;0.2rem&#093; transition-colors duration-100 ease-in-out\">le menu (cocktail, buffet, repas assis),<\/span><\/p>\n<\/li>\n<li data-start=\"497\" data-end=\"536\">\n<p data-start=\"499\" data-end=\"536\"><span class=\"relative -mx-px my-&#091;-0.2rem&#093; rounded px-px py-&#091;0.2rem&#093; transition-colors duration-100 ease-in-out\">le format (nombre de plats, ap\u00e9ritifs, desserts),<\/span><\/p>\n<\/li>\n<li data-start=\"537\" data-end=\"576\">\n<p data-start=\"539\" data-end=\"576\"><span class=\"relative -mx-px my-&#091;-0.2rem&#093; rounded px-px py-&#091;0.2rem&#093; transition-colors duration-100 ease-in-out\">le type de boisson (bar \u00e0 vin, softs, open bar),<\/span><\/p>\n<\/li>\n<li data-start=\"577\" data-end=\"616\">\n<p data-start=\"579\" data-end=\"616\"><span class=\"relative -mx-px my-&#091;-0.2rem&#093; rounded px-px py-&#091;0.2rem&#093; transition-colors duration-100 ease-in-out\">et bien s\u00fbr, les \u00ab\u202fplus\u202f\u00bb comme les cadeaux, papeterie ou animations.<\/span><\/p>\n<\/li>\n<\/ul>\n<p><br style=\"font-weight: 400;\" \/><br style=\"font-weight: 400;\" \/><\/p>\n<\/div><\/div><div id=\"1486021541833-446f795f-1cfd\" class=\"vc_do_toggle vc_toggle vc_toggle_rounded vc_toggle_color_black vc_toggle_color_inverted vc_toggle_size_md\"><div class=\"vc_toggle_title\"><h3 style=\"color: #000000;text-align: left\" class=\"vc_custom_heading vc_do_custom_heading\" >Quel budget pr\u00e9voir pour son mariage ?<\/h3><i class=\"vc_toggle_icon\"><\/i><\/div><div class=\"vc_toggle_content\"><p><span class=\"relative -mx-px my-&#091;-0.2rem&#093; rounded px-px py-&#091;0.2rem&#093; transition-colors duration-100 ease-in-out\">Le budget d\u00e9pend du nombre d\u2019invit\u00e9s, du lieu, des prestataires (traiteur, d\u00e9coration, audiovisuel, musique, etc.) et des services choisis : coordination, organisation, coaching, etc.<\/span><br data-start=\"707\" data-end=\"710\" \/><span class=\"relative -mx-px my-&#091;-0.2rem&#093; rounded px-px py-&#091;0.2rem&#093; transition-colors duration-100 ease-in-out\">Avec Smart\u202fMariage, nous structurons un budget d\u00e9taill\u00e9, actualis\u00e9 au fil des validations, pour assurer votre tranquillit\u00e9 financi\u00e8re<\/span><\/p>\n<p><br style=\"font-weight: 400;\" \/><br style=\"font-weight: 400;\" \/><\/p>\n<\/div><\/div><div id=\"1486021556130-1f44365b-14c1\" class=\"vc_do_toggle vc_toggle vc_toggle_rounded vc_toggle_color_black vc_toggle_color_inverted vc_toggle_size_md\"><div class=\"vc_toggle_title\"><h3 style=\"color: #000000;text-align: left\" class=\"vc_custom_heading vc_do_custom_heading\" >Proposez-vous un suivi budg\u00e9taire ?<\/h3><i class=\"vc_toggle_icon\"><\/i><\/div><div class=\"vc_toggle_content\"><p data-start=\"95\" data-end=\"309\">Oui ! Nous \u00e9tablissons avec vous un budget clair, r\u00e9aliste et \u00e9volutif, con\u00e7u pour s\u2019adapter \u00e0 chaque \u00e9tape de l\u2019organisation. Gr\u00e2ce \u00e0 des suivis r\u00e9guliers et des points de contr\u00f4le pr\u00e9cis, nous vous aidons \u00e0 :<\/p>\n<ul data-start=\"311\" data-end=\"758\">\n<li data-start=\"311\" data-end=\"398\">\n<p data-start=\"313\" data-end=\"398\">anticiper les d\u00e9passements \u00e9ventuels avant qu\u2019ils ne deviennent probl\u00e9matiques,<\/p>\n<\/li>\n<li data-start=\"399\" data-end=\"494\">\n<p data-start=\"401\" data-end=\"494\">ajuster le tir en toute s\u00e9r\u00e9nit\u00e9 si des impr\u00e9vus surviennent ou si vos envies \u00e9voluent,<\/p>\n<\/li>\n<li data-start=\"495\" data-end=\"607\">\n<p data-start=\"497\" data-end=\"607\">garantir que vos priorit\u00e9s, vos coups de c\u0153ur et vos limites budg\u00e9taires sont scrupuleusement respect\u00e9s,<\/p>\n<\/li>\n<li data-start=\"608\" data-end=\"758\">\n<p data-start=\"610\" data-end=\"758\">tout en assurant une ma\u00eetrise globale des d\u00e9penses jusqu\u2019au jour J, pour que vous puissiez profiter pleinement de votre mariage, l\u2019esprit libre.<\/p>\n<\/li>\n<\/ul>\n<p><br style=\"font-weight: 400;\" \/><br style=\"font-weight: 400;\" \/><\/p>\n<\/div><\/div><div id=\"1486021571843-648fe097-a640\" class=\"vc_do_toggle vc_toggle vc_toggle_rounded vc_toggle_color_black vc_toggle_color_inverted vc_toggle_size_md\"><div class=\"vc_toggle_title\"><h3 style=\"color: #000000;text-align: left\" class=\"vc_custom_heading vc_do_custom_heading\" >Comment trouver le lieu parfait pour notre mariage ?<\/h3><i class=\"vc_toggle_icon\"><\/i><\/div><div class=\"vc_toggle_content\"><p data-start=\"122\" data-end=\"675\">Faire appel \u00e0 une <strong data-start=\"140\" data-end=\"167\">Wedding Planner \u00e0 Paris<\/strong>, ce n\u2019est pas un luxe, mais une v\u00e9ritable tranquillit\u00e9 d\u2019esprit. Gagner du temps, ma\u00eetriser votre budget, \u00e9viter le stress et les impr\u00e9vus : son accompagnement est essentiel pour un mariage serein et r\u00e9ussi. Gr\u00e2ce \u00e0 sa connaissance pointue du secteur, son carnet d\u2019adresses bien rempli, et son expertise en gestion d\u2019\u00e9v\u00e9nements, elle vous guide \u00e0 chaque \u00e9tape, anticipe les moindres d\u00e9tails et vous permet de vous concentrer sur l\u2019essentiel : vivre pleinement votre engagement et profiter de chaque instant.<\/p>\n<p data-start=\"677\" data-end=\"1048\">Elle devient votre alli\u00e9e de confiance, celle qui vous comprend, vous conseille et vous rassure, tout en assurant une coordination fluide avec l\u2019ensemble des prestataires. De la recherche du lieu parfait \u00e0 la gestion du timing le jour J, en passant par la conception du d\u00e9roul\u00e9 ou les petits ajustements de derni\u00e8re minute, elle veille \u00e0 tout, sans jamais rien imposer.<\/p>\n<p data-start=\"1050\" data-end=\"1323\">Faire appel \u00e0 une Wedding Planner \u00e0 Paris, c\u2019est aussi b\u00e9n\u00e9ficier d\u2019un regard expert sur les tendances, les subtilit\u00e9s logistiques et les mille d\u00e9tails invisibles qui font toute la diff\u00e9rence. C\u2019est choisir la s\u00e9r\u00e9nit\u00e9, pour un mariage \u00e9l\u00e9gant, harmonieux et \u00e0 votre image.<\/p>\n<p data-start=\"651\" data-end=\"1128\">Elle devient votre alli\u00e9e, votre rep\u00e8re et votre soutien, capable de transformer vos id\u00e9es en r\u00e9alit\u00e9 tout en vous lib\u00e9rant de la charge mentale. En choisissant une Wedding Planner exp\u00e9riment\u00e9e et implant\u00e9e \u00e0 Paris, vous b\u00e9n\u00e9ficiez aussi d\u2019un acc\u00e8s privil\u00e9gi\u00e9 aux meilleurs prestataires, \u00e0 des lieux d\u2019exception et \u00e0 des conseils personnalis\u00e9s adapt\u00e9s \u00e0 votre style et \u00e0 votre budget. C\u2019est la garantie d\u2019un mariage \u00e0 votre image, fluide, harmonieux, et parfaitement orchestr\u00e9.<\/p>\n<p data-start=\"316\" data-end=\"436\">Nous s\u00e9lectionnons des lieux en ad\u00e9quation avec vos envies (ch\u00e2teau, domaine, salle atypique, en ext\u00e9rieur\u2026) et g\u00e9rons :<\/p>\n<ul data-start=\"438\" data-end=\"612\">\n<li data-start=\"438\" data-end=\"496\">\n<p data-start=\"440\" data-end=\"496\">la premi\u00e8re s\u00e9lection adapt\u00e9e \u00e0 votre style et budget,<\/p>\n<\/li>\n<li data-start=\"497\" data-end=\"552\">\n<p data-start=\"499\" data-end=\"552\">les visites, souvent accompagn\u00e9es d&rsquo;une check-list,<\/p>\n<\/li>\n<li data-start=\"553\" data-end=\"612\">\n<p data-start=\"555\" data-end=\"612\">les n\u00e9gociations de tarifs, disponibilit\u00e9s et services.<\/p>\n<\/li>\n<\/ul>\n<p data-start=\"614\" data-end=\"701\">Chaque lieu est pr\u00e9sent\u00e9 avec un portfolio photos, avis d\u2019anciens mari\u00e9s et comparatif.<\/p>\n<p data-start=\"703\" data-end=\"887\">Le budget par personne varie g\u00e9n\u00e9ralement entre 100\u202f\u20ac et 200\u202f\u20ac, repas, boissons, animations et attentions personnalis\u00e9es incluses. Ensemble, nous ajustons ce montant selon vos besoins.<\/p>\n<\/div><\/div><div id=\"1486021584407-814ea082-3286\" class=\"vc_do_toggle vc_toggle vc_toggle_rounded vc_toggle_color_black vc_toggle_color_inverted vc_toggle_size_md\"><div class=\"vc_toggle_title\"><h3 style=\"color: #000000;text-align: left\" class=\"vc_custom_heading vc_do_custom_heading\" >Peut-on go\u00fbter le menu avant le mariage ?<\/h3><i class=\"vc_toggle_icon\"><\/i><\/div><div class=\"vc_toggle_content\"><p>Absolument. Nous organisons une d\u00e9gustation avec le traiteur s\u00e9lectionn\u00e9 : menu complet, pr\u00e9sentation, textures, quantit\u00e9s. C\u2019est le moment d&rsquo;ajuster jusqu&rsquo;\u00e0 la perfection, en impliquant les futurs mari\u00e9s et souvent, les parents \ud83d\ude0a<\/p>\n<\/div><\/div><div id=\"1486021704336-402a36a9-c0f0\" class=\"vc_do_toggle vc_toggle vc_toggle_rounded vc_toggle_color_black vc_toggle_color_inverted vc_toggle_size_md\"><div class=\"vc_toggle_title\"><h3 style=\"color: #000000;text-align: left\" class=\"vc_custom_heading vc_do_custom_heading\" >Y a-t-il des animations \u00e0 pr\u00e9voir pendant le repas ?<\/h3><i class=\"vc_toggle_icon\"><\/i><\/div><div class=\"vc_toggle_content\"><p data-start=\"122\" data-end=\"635\">Oui, sur demande. Animations interactives, jeux personnalis\u00e9s, surprises originales, discours \u00e9mouvants, projections vid\u00e9o, quiz ludiques, photobooth th\u00e9matiques\u2026 nous orchestrons chaque moment de votre mariage dans les moindres d\u00e9tails afin d\u2019\u00e9viter les temps morts, maintenir une ambiance festive et \u00e9merveiller vos invit\u00e9s du d\u00e9but \u00e0 la fin. Chaque animation est pens\u00e9e avec soin pour refl\u00e9ter votre histoire, votre style et votre personnalit\u00e9, tout en cr\u00e9ant des instants de complicit\u00e9, de rires et d\u2019\u00e9motion.<\/p>\n<p data-start=\"126\" data-end=\"457\">Nous veillons \u00e0 ce que chaque temps fort soit parfaitement int\u00e9gr\u00e9 \u00e0 votre d\u00e9roul\u00e9, avec des transitions fluides, un rythme bien dos\u00e9, et une atmosph\u00e8re coh\u00e9rente du d\u00e9but \u00e0 la derni\u00e8re danse. Chaque moment est minutieusement pens\u00e9 pour respecter le tempo de votre journ\u00e9e, tout en laissant place \u00e0 la spontan\u00e9it\u00e9 et \u00e0 l\u2019\u00e9motion.<\/p>\n<p data-start=\"459\" data-end=\"891\">Nous anticipons chaque \u00e9tape pour que tout s\u2019encha\u00eene naturellement, sans accroc ni pr\u00e9cipitation, cr\u00e9ant ainsi une exp\u00e9rience immersive et fluide pour vous comme pour vos invit\u00e9s. Du cocktail au g\u00e2teau, des discours aux animations, rien n\u2019est laiss\u00e9 au hasard. Nous coordonnons les prestataires en coulisses avec discr\u00e9tion et efficacit\u00e9, afin que vous puissiez vivre pleinement chaque instant sans vous soucier de la logistique.<\/p>\n<p data-start=\"893\" data-end=\"1132\">Parce qu\u2019un mariage r\u00e9ussi est avant tout un mariage v\u00e9cu avec s\u00e9r\u00e9nit\u00e9, notre mission est de faire de cette journ\u00e9e un encha\u00eenement harmonieux de moments forts, de rires, d\u2019\u00e9motions et de surprises, dans une atmosph\u00e8re qui vous ressemble.<\/p>\n<p data-start=\"439\" data-end=\"769\">Notre objectif : faire vivre \u00e0 vos proches une exp\u00e9rience unique, conviviale et m\u00e9morable, o\u00f9 chaque surprise devient un souvenir inoubliable. Que ce soit une entr\u00e9e de bal spectaculaire, une animation surprise ou un discours inattendu, nous cr\u00e9ons une dynamique harmonieuse et festive, qui capte l\u2019attention et suscite l\u2019\u00e9motion.<\/p>\n<p data-start=\"771\" data-end=\"1205\">Gr\u00e2ce \u00e0 notre cr\u00e9ativit\u00e9, \u00e0 notre sens de l\u2019organisation et \u00e0 notre passion pour l\u2019excellence, vos invit\u00e9s ne verront pas le temps passer\u2026 et parleront encore de votre mariage pendant longtemps. Ce sont ces instants suspendus, ces \u00e9clats de rire partag\u00e9s, ces regards complices et ces \u00e9motions vraies qui rendent un mariage vraiment magique \u2014 et nous mettons tout en \u0153uvre pour que chacun de ces instants soit grav\u00e9 dans les m\u00e9moires.<\/p>\n<p><br style=\"font-weight: 400;\" \/><br style=\"font-weight: 400;\" \/><\/p>\n<\/div><\/div><div id=\"1486021720066-04f23356-6b07\" class=\"vc_do_toggle vc_toggle vc_toggle_rounded vc_toggle_color_black vc_toggle_color_inverted vc_toggle_size_md\"><div class=\"vc_toggle_title\"><h3 style=\"color: #000000;text-align: left\" class=\"vc_custom_heading vc_do_custom_heading\" >Quels types de prestations proposons-nous ?<\/h3><i class=\"vc_toggle_icon\"><\/i><\/div><div class=\"vc_toggle_content\"><p><span style=\"font-weight: 400;\">-Organisation compl\u00e8te<\/span><\/p>\n<p><span style=\"font-weight: 400;\">-Coordination du jour J<\/span><\/p>\n<p><span style=\"font-weight: 400;\">-\u00c0 la carte (recherche lieu, gestion budget, s\u00e9lection prestataires\u2026)<\/span><\/p>\n<p><span style=\"font-weight: 400;\">-Coaching \u00e0 distance pour les mari\u00e9s qui veulent tout organiser eux-m\u00eames avec un accompagnement pro<\/span><\/p>\n<p><br style=\"font-weight: 400;\" \/><br style=\"font-weight: 400;\" \/><\/p>\n<\/div><\/div><\/div><\/div><\/div><div class=\"wpb_column vc_column_container vc_col-sm-12 occ-553432\"><div class=\"vc_column-inner\"><div class=\"wpb_wrapper\"><\/div><\/div><\/div><\/div><div data-vc-full-width=\"true\" data-vc-full-width-init=\"false\" data-vc-parallax=\"1.5\" data-vc-parallax-image=\"https:\/\/www.smartmariage.com\/wp-content\/uploads\/2017\/01\/shutterstock_387671527_large-min.jpg\" class=\"vc_row wpb_row vc_row-fluid vc_custom_1486022400957 vc_row-has-fill vc_column-gap-0 vc_row-o-content-middle vc_row-flex vc_general vc_parallax vc_parallax-content-moving\"><div class=\"wpb_column vc_column_container vc_col-sm-12 occ-105256\"><div class=\"vc_column-inner\"><div class=\"wpb_wrapper\"><h2 style=\"color: #ffffff;text-align: center\" class=\"vc_custom_heading vc_do_custom_heading\" >Vous venez de vous fiancer ?...<\/h2><span  id=\"wofcb-23404\" class=\"ozy-custom_button_w\"><a id=\"ofcb-23404\" class=\"ozy-custom_button ocbtn-1\"  href=\"https:\/\/www.smartmariage.com\/en\/offre\/\"  target=\"\" >Planifier votre mariage!<\/a><\/span><\/div><\/div><\/div><\/div><div class=\"vc_row-full-width vc_clearfix\"><\/div>\n<\/div>","protected":false},"excerpt":{"rendered":"FAQ mariage : d\u00e9couvrez des r\u00e9ponses aux questions fr\u00e9quentes pour organiser un mariage inoubliable et sans stress. Qui invite-t-on \u00e0 son mariage ?FAQ mariage : d\u00e9couvrez des r\u00e9ponses aux questions [...]","protected":false},"author":1,"featured_media":0,"parent":296,"menu_order":0,"comment_status":"closed","ping_status":"closed","template":"","meta":{"footnotes":""},"class_list":["post-1311","page","type-page","status-publish","hentry"],"_links":{"self":[{"href":"https:\/\/www.smartmariage.com\/en\/wp-json\/wp\/v2\/pages\/1311","targetHints":{"allow":["GET"]}}],"collection":[{"href":"https:\/\/www.smartmariage.com\/en\/wp-json\/wp\/v2\/pages"}],"about":[{"href":"https:\/\/www.smartmariage.com\/en\/wp-json\/wp\/v2\/types\/page"}],"author":[{"embeddable":true,"href":"https:\/\/www.smartmariage.com\/en\/wp-json\/wp\/v2\/users\/1"}],"replies":[{"embeddable":true,"href":"https:\/\/www.smartmariage.com\/en\/wp-json\/wp\/v2\/comments?post=1311"}],"version-history":[{"count":22,"href":"https:\/\/www.smartmariage.com\/en\/wp-json\/wp\/v2\/pages\/1311\/revisions"}],"predecessor-version":[{"id":3834,"href":"https:\/\/www.smartmariage.com\/en\/wp-json\/wp\/v2\/pages\/1311\/revisions\/3834"}],"up":[{"embeddable":true,"href":"https:\/\/www.smartmariage.com\/en\/wp-json\/wp\/v2\/pages\/296"}],"wp:attachment":[{"href":"https:\/\/www.smartmariage.com\/en\/wp-json\/wp\/v2\/media?parent=1311"}],"curies":[{"name":"wp","href":"https:\/\/api.w.org\/{rel}","templated":true}]}}