{"id":2056,"date":"2025-05-07T08:13:20","date_gmt":"2025-05-07T06:13:20","guid":{"rendered":"https:\/\/www.smartmariage.com\/?page_id=2056"},"modified":"2025-06-17T17:50:17","modified_gmt":"2025-06-17T15:50:17","slug":"5-raisons-de-choisir-un-wedding-planner-paris","status":"publish","type":"page","link":"https:\/\/www.smartmariage.com\/en\/about\/tendances-mariage-smart-mariage-presse\/5-raisons-de-choisir-un-wedding-planner-paris\/","title":{"rendered":"5 raisons de faire appel \u00e0 une wedding planner"},"content":{"rendered":"<div class=\"wpb-content-wrapper\"><div class=\"vc_row wpb_row vc_row-fluid vc_column-gap-0\"><div class=\"wpb_column vc_column_container vc_col-sm-12 occ-548454\"><div class=\"vc_column-inner\"><div class=\"wpb_wrapper\">\n\t<div class=\"wpb_text_column wpb_content_element\" >\n\t\t<div class=\"wpb_wrapper\">\n\t\t\t<h2 class=\"\" data-start=\"769\" data-end=\"832\"><strong data-start=\"772\" data-end=\"832\">FAIRE APPEL \u00c0 UNE WEDDING PLANNER : LES 5 BONNES RAISONS<\/strong><\/h2>\n<p>&nbsp;<\/p>\n<p data-start=\"67\" data-end=\"132\"><strong data-start=\"67\" data-end=\"132\">\u00ab\u00a0Wedding planner Paris : \u00e9conomiser du temps et de l&rsquo;\u00e9nergie\u00a0\u00bb<\/strong><\/p>\n<p data-start=\"134\" data-end=\"351\">Organiser un mariage demande des centaines d&rsquo;heures de pr\u00e9paration. Entre la recherche de prestataires, les prises de contact, les rendez-vous, les devis \u00e0 comparer, les plannings \u00e0 monter&#8230; le temps passe tr\u00e8s vite.<\/p>\n<p data-start=\"887\" data-end=\"1104\"><img decoding=\"async\" class=\"wp-image-4675\" src=\"https:\/\/i0.wp.com\/msprivateevents.fr\/wp-content\/uploads\/2024\/06\/Mina-Alexandre-353-sur-395.jpg?resize=700%2C467&amp;ssl=1\" sizes=\"(max-width: 700px) 100vw, 700px\" srcset=\"https:\/\/i0.wp.com\/msprivateevents.fr\/wp-content\/uploads\/2024\/06\/Mina-Alexandre-353-sur-395.jpg?resize=1000%2C667&amp;ssl=1 1000w, https:\/\/i0.wp.com\/msprivateevents.fr\/wp-content\/uploads\/2024\/06\/Mina-Alexandre-353-sur-395.jpg?resize=250%2C167&amp;ssl=1 250w, https:\/\/i0.wp.com\/msprivateevents.fr\/wp-content\/uploads\/2024\/06\/Mina-Alexandre-353-sur-395.jpg?resize=768%2C512&amp;ssl=1 768w, https:\/\/i0.wp.com\/msprivateevents.fr\/wp-content\/uploads\/2024\/06\/Mina-Alexandre-353-sur-395.jpg?resize=1536%2C1024&amp;ssl=1 1536w, https:\/\/i0.wp.com\/msprivateevents.fr\/wp-content\/uploads\/2024\/06\/Mina-Alexandre-353-sur-395.jpg?resize=2048%2C1365&amp;ssl=1 2048w, https:\/\/i0.wp.com\/msprivateevents.fr\/wp-content\/uploads\/2024\/06\/Mina-Alexandre-353-sur-395.jpg?resize=1200%2C800&amp;ssl=1 1200w, https:\/\/i0.wp.com\/msprivateevents.fr\/wp-content\/uploads\/2024\/06\/Mina-Alexandre-353-sur-395.jpg?resize=700%2C467&amp;ssl=1 700w, https:\/\/i0.wp.com\/msprivateevents.fr\/wp-content\/uploads\/2024\/06\/Mina-Alexandre-353-sur-395.jpg?resize=2000%2C1333&amp;ssl=1 2000w, https:\/\/i0.wp.com\/msprivateevents.fr\/wp-content\/uploads\/2024\/06\/Mina-Alexandre-353-sur-395.jpg?resize=900%2C600&amp;ssl=1 900w, https:\/\/i0.wp.com\/msprivateevents.fr\/wp-content\/uploads\/2024\/06\/Mina-Alexandre-353-sur-395.jpg?resize=600%2C400&amp;ssl=1 600w, https:\/\/i0.wp.com\/msprivateevents.fr\/wp-content\/uploads\/2024\/06\/Mina-Alexandre-353-sur-395.jpg?w=1400&amp;ssl=1 1400w, https:\/\/i0.wp.com\/msprivateevents.fr\/wp-content\/uploads\/2024\/06\/Mina-Alexandre-353-sur-395.jpg?w=2100&amp;ssl=1 2100w\" alt=\"\" width=\"375\" height=\"250\" data-recalc-dims=\"1\" data-attachment-id=\"4675\" data-permalink=\"https:\/\/msprivateevents.fr\/2024\/07\/09\/faire-appel-a-une-wedding-planner\/mina-alexandre-353-sur-395-4\/\" data-orig-file=\"https:\/\/i0.wp.com\/msprivateevents.fr\/wp-content\/uploads\/2024\/06\/Mina-Alexandre-353-sur-395.jpg?fit=5472%2C3648&amp;ssl=1\" data-orig-size=\"5472,3648\" data-comments-opened=\"1\" data-image-meta=\"{&quot;aperture&quot;:&quot;5.6&quot;,&quot;credit&quot;:&quot;daniela thurissey&quot;,&quot;camera&quot;:&quot;Canon EOS R6&quot;,&quot;caption&quot;:&quot;&quot;,&quot;created_timestamp&quot;:&quot;1683411684&quot;,&quot;copyright&quot;:&quot;&quot;,&quot;focal_length&quot;:&quot;35&quot;,&quot;iso&quot;:&quot;6400&quot;,&quot;shutter_speed&quot;:&quot;0.008&quot;,&quot;title&quot;:&quot;&quot;,&quot;orientation&quot;:&quot;0&quot;}\" data-image-title=\"Mina-Alexandre-353-sur-395\" data-image-description=\"\" data-image-caption=\"\" data-medium-file=\"https:\/\/i0.wp.com\/msprivateevents.fr\/wp-content\/uploads\/2024\/06\/Mina-Alexandre-353-sur-395.jpg?fit=250%2C167&amp;ssl=1\" data-large-file=\"https:\/\/i0.wp.com\/msprivateevents.fr\/wp-content\/uploads\/2024\/06\/Mina-Alexandre-353-sur-395.jpg?fit=700%2C467&amp;ssl=1\" title=\"\"><\/p>\n<p class=\"\" data-start=\"1106\" data-end=\"1343\"><strong data-start=\"137\" data-end=\"165\">La Wedding Planner Paris<\/strong> vous lib\u00e8re totalement de cette charge. Elle g\u00e8re pour vous toutes les t\u00e2ches chronophages et complexes li\u00e9es \u00e0 l\u2019organisation de votre mariage, vous permettant ainsi de rester pleinement concentr\u00e9s sur ce qui compte vraiment : vivre sereinement vos fian\u00e7ailles et vos pr\u00e9paratifs, sans y laisser toute votre \u00e9nergie ni votre enthousiasme.<\/p>\n<h4 data-start=\"1106\" data-end=\"1343\"><strong data-start=\"1354\" data-end=\"1418\">2. B\u00c9N\u00c9FICIER D\u2019UNE EXPERTISE DANS L\u2019ORGANISATION DE MARIAGE<\/strong><\/h4>\n<p data-start=\"108\" data-end=\"474\">Une <strong data-start=\"112\" data-end=\"137\">Wedding Planner Paris<\/strong> conna\u00eet parfaitement les rouages de l\u2019\u00e9v\u00e9nementiel, les pi\u00e8ges \u00e0 \u00e9viter, les prestataires fiables et reconnus, ainsi que les d\u00e9lais r\u00e9alistes \u00e0 respecter. Gr\u00e2ce \u00e0 son expertise, elle a l\u2019habitude de jongler avec les impr\u00e9vus, de cr\u00e9er un planning solide et sur-mesure, et de trouver rapidement des solutions adapt\u00e9es \u00e0 chaque situation.<\/p>\n<p data-start=\"476\" data-end=\"673\">Son exp\u00e9rience approfondie est un v\u00e9ritable atout pour organiser un \u00e9v\u00e9nement aussi complexe qu\u2019un mariage, en anticipant avec pr\u00e9cision les moindres d\u00e9tails afin d\u2019assurer une journ\u00e9e sans faille.<\/p>\n<h4 data-start=\"1665\" data-end=\"1801\"><strong data-start=\"1812\" data-end=\"1839\">3. MA\u00ceTRISER SON BUDGET<\/strong><\/h4>\n<p class=\"\" data-start=\"1841\" data-end=\"2110\">L\u2019une des grandes craintes des futurs mari\u00e9s est de voir le budget exploser. Gr\u00e2ce \u00e0 une Wedding Planner, vous d\u00e9finissez d\u00e8s le d\u00e9part une enveloppe r\u00e9aliste et adapt\u00e9e \u00e0 vos envies. Elle vous aide \u00e0 faire les bons choix, \u00e0 prioriser et \u00e0 \u00e9viter les d\u00e9penses inutiles.<\/p>\n<p class=\"\" data-start=\"2112\" data-end=\"2237\">Elle conna\u00eet aussi les tarifs du march\u00e9 et peut n\u00e9gocier pour vous des prestations avantageuses, tout en assurant la qualit\u00e9.<\/p>\n<h3 data-start=\"2244\" data-end=\"2301\"><img decoding=\"async\" class=\"wp-image-4678 alignnone\" style=\"caret-color: #000000; color: #000000; font-style: normal; font-variant-caps: normal; font-weight: 400; letter-spacing: normal; text-align: start; text-indent: 0px; text-transform: none; white-space: normal; word-spacing: 0px; -webkit-text-stroke-width: 0px; text-decoration: none; width: 309px; height: 464px;\" src=\"https:\/\/i0.wp.com\/msprivateevents.fr\/wp-content\/uploads\/2024\/06\/sophie.jpg?resize=667%2C1000&amp;ssl=1\" sizes=\"auto, (max-width: 667px) 100vw, 667px\" srcset=\"https:\/\/i0.wp.com\/msprivateevents.fr\/wp-content\/uploads\/2024\/06\/sophie.jpg?resize=667%2C1000&amp;ssl=1 667w, https:\/\/i0.wp.com\/msprivateevents.fr\/wp-content\/uploads\/2024\/06\/sophie.jpg?resize=167%2C250&amp;ssl=1 167w, https:\/\/i0.wp.com\/msprivateevents.fr\/wp-content\/uploads\/2024\/06\/sophie.jpg?resize=768%2C1151&amp;ssl=1 768w, https:\/\/i0.wp.com\/msprivateevents.fr\/wp-content\/uploads\/2024\/06\/sophie.jpg?resize=1025%2C1536&amp;ssl=1 1025w, https:\/\/i0.wp.com\/msprivateevents.fr\/wp-content\/uploads\/2024\/06\/sophie.jpg?resize=1367%2C2048&amp;ssl=1 1367w, https:\/\/i0.wp.com\/msprivateevents.fr\/wp-content\/uploads\/2024\/06\/sophie.jpg?resize=1200%2C1798&amp;ssl=1 1200w, https:\/\/i0.wp.com\/msprivateevents.fr\/wp-content\/uploads\/2024\/06\/sophie.jpg?resize=700%2C1049&amp;ssl=1 700w, https:\/\/i0.wp.com\/msprivateevents.fr\/wp-content\/uploads\/2024\/06\/sophie.jpg?resize=2000%2C2997&amp;ssl=1 2000w, https:\/\/i0.wp.com\/msprivateevents.fr\/wp-content\/uploads\/2024\/06\/sophie.jpg?resize=267%2C400&amp;ssl=1 267w, https:\/\/i0.wp.com\/msprivateevents.fr\/wp-content\/uploads\/2024\/06\/sophie.jpg?w=2100&amp;ssl=1 2100w\" alt=\"Wedding Planner France: mariage d&#039;automne dans un domaine\" width=\"667\" height=\"1000\" data-recalc-dims=\"1\" data-attachment-id=\"4678\" data-permalink=\"https:\/\/msprivateevents.fr\/2024\/07\/09\/faire-appel-a-une-wedding-planner\/sophie-3\/\" data-orig-file=\"https:\/\/i0.wp.com\/msprivateevents.fr\/wp-content\/uploads\/2024\/06\/sophie.jpg?fit=2919%2C4374&amp;ssl=1\" data-orig-size=\"2919,4374\" data-comments-opened=\"1\" data-image-meta=\"{&quot;aperture&quot;:&quot;9&quot;,&quot;credit&quot;:&quot;&quot;,&quot;camera&quot;:&quot;NIKON D810&quot;,&quot;caption&quot;:&quot;&quot;,&quot;created_timestamp&quot;:&quot;1700319710&quot;,&quot;copyright&quot;:&quot;&quot;,&quot;focal_length&quot;:&quot;24&quot;,&quot;iso&quot;:&quot;2500&quot;,&quot;shutter_speed&quot;:&quot;0.00625&quot;,&quot;title&quot;:&quot;&quot;,&quot;orientation&quot;:&quot;1&quot;}\" data-image-title=\"Organisation de mariage \u00e0 Paris\" data-image-description=\"&lt;\/p&gt; &lt;p&gt;Mariage dans un domaine &lt;\/p&gt; &lt;p&gt; \" data-image-caption=\"&lt;\/p&gt; &lt;p&gt;Wedding Planner : Mariage d&amp;rsquo;automne&lt;br \/&gt; Cr\u00e9dit photo : Ronevens&lt;\/p&gt; &lt;p&gt; \" data-medium-file=\"https:\/\/i0.wp.com\/msprivateevents.fr\/wp-content\/uploads\/2024\/06\/sophie.jpg?fit=167%2C250&amp;ssl=1\" data-large-file=\"https:\/\/i0.wp.com\/msprivateevents.fr\/wp-content\/uploads\/2024\/06\/sophie.jpg?fit=667%2C1000&amp;ssl=1\" title=\"\"><\/h3>\n<p><em>Cr\u00e9dit photo : Guillaume Lamarque<\/em><\/p>\n<p>&nbsp;<\/p>\n<h4 data-start=\"2244\" data-end=\"2301\"><strong data-start=\"2248\" data-end=\"2301\">4. PENSER \u00c0 TOUS CES D\u00c9TAILS QU\u2019ON OUBLIE SOUVENT<\/strong><\/h4>\n<p data-start=\"96\" data-end=\"559\"><strong data-start=\"96\" data-end=\"559\">Faire appel \u00e0 une Wedding Planner \u00e0 Paris, ce n\u2019est pas seulement un luxe, c\u2019est avant tout une v\u00e9ritable tranquillit\u00e9 d\u2019esprit. Que ce soit pour gagner un temps pr\u00e9cieux, b\u00e9n\u00e9ficier de conseils personnalis\u00e9s et avis\u00e9s, ma\u00eetriser parfaitement votre budget, ne rien oublier dans l\u2019organisation, ou encore \u00e9viter le stress et les impr\u00e9vus du grand jour, son accompagnement professionnel est un atout indispensable pour vivre une exp\u00e9rience sereine et m\u00e9morable.<\/strong><\/p>\n<p data-start=\"561\" data-end=\"783\">Pr\u00e9voir un plan B en cas de pluie, organiser un coin pour les enfants, g\u00e9rer les transports, pr\u00e9voir des kits d\u2019urgence, briefer les t\u00e9moins\u2026 autant de petites choses qu\u2019on peut oublier, et qui pourtant font la diff\u00e9rence.<\/p>\n<p data-start=\"785\" data-end=\"975\">La Wedding Planner anticipe ces \u00e9l\u00e9ments souvent n\u00e9glig\u00e9s. Elle pense \u00e0 tout, pour que rien ne soit laiss\u00e9 au hasard, et que le jour J soit aussi fluide qu\u2019agr\u00e9able pour vous et vos invit\u00e9s.<\/p>\n<h3 data-start=\"2724\" data-end=\"2784\"><\/h3>\n<h4 style=\"text-align: left;\" data-start=\"2724\" data-end=\"2784\"><strong data-start=\"2728\" data-end=\"2784\">5. \u00c9VITER LE STRESS LE JOUR J EN G\u00c9RANT LES IMPR\u00c9VUS<\/strong><\/h4>\n<p class=\"\" data-start=\"2786\" data-end=\"2975\">Le jour du mariage, les impr\u00e9vus sont in\u00e9vitables : un prestataire en retard, un souci technique de derni\u00e8re minute, un changement brutal de m\u00e9t\u00e9o\u2026 C\u2019est pr\u00e9cis\u00e9ment \u00e0 ce moment-l\u00e0 que la pr\u00e9sence d\u2019une <strong data-start=\"290\" data-end=\"315\">Wedding Planner Paris<\/strong> prend tout son sens, en assurant une gestion efficace et discr\u00e8te de chaque situation pour que vous puissiez profiter pleinement de votre journ\u00e9e, sans aucun souci.<\/p>\n<p class=\"\" data-start=\"2977\" data-end=\"3196\">Elle coordonne les prestataires, veille au respect du planning, g\u00e8re discr\u00e8tement les al\u00e9as\u2026 sans que vous ayez \u00e0 lever le petit doigt. Vous pouvez ainsi vivre votre journ\u00e9e en toute s\u00e9r\u00e9nit\u00e9, entour\u00e9(e) de vos proches.<\/p>\n<p data-start=\"2977\" data-end=\"3196\"><em><img decoding=\"async\" class=\"wp-image-2095 alignnone\" src=\"https:\/\/www.smartmariage.com\/wp-content\/uploads\/2025\/05\/04052024-_0203048-300x200.jpg\" alt=\"pr\u00e9paratifs du mari\u00e9\" width=\"359\" height=\"239\" title=\"\" srcset=\"https:\/\/www.smartmariage.com\/wp-content\/uploads\/2025\/05\/04052024-_0203048-300x200.jpg 300w, https:\/\/www.smartmariage.com\/wp-content\/uploads\/2025\/05\/04052024-_0203048-1024x683.jpg 1024w, https:\/\/www.smartmariage.com\/wp-content\/uploads\/2025\/05\/04052024-_0203048-1144x763.jpg 1144w, https:\/\/www.smartmariage.com\/wp-content\/uploads\/2025\/05\/04052024-_0203048-768x512.jpg 768w, https:\/\/www.smartmariage.com\/wp-content\/uploads\/2025\/05\/04052024-_0203048-1536x1024.jpg 1536w, https:\/\/www.smartmariage.com\/wp-content\/uploads\/2025\/05\/04052024-_0203048-2048x1365.jpg 2048w\" sizes=\"(max-width: 359px) 100vw, 359px\" \/><\/em><\/p>\n<p data-start=\"2977\" data-end=\"3196\"><em>@Benjaminsong photo cr\u00e9dit<\/em><\/p>\n<h4 data-start=\"2977\" data-end=\"3196\"><strong data-start=\"3206\" data-end=\"3220\">EN BREF&#8230;<\/strong><\/h4>\n<p class=\"\" data-start=\"3222\" data-end=\"3518\">Faire appel \u00e0 une Wedding Planner \u00e0 Paris, ce n\u2019est pas seulement un luxe, c\u2019est avant tout une v\u00e9ritable tranquillit\u00e9 d\u2019esprit. Que ce soit pour gagner un temps pr\u00e9cieux, b\u00e9n\u00e9ficier de conseils personnalis\u00e9s et avis\u00e9s, ma\u00eetriser parfaitement votre budget, ne rien oublier dans l\u2019organisation, ou encore \u00e9viter le stress et les impr\u00e9vus du grand jour, son accompagnement professionnel est un atout indispensable pour vivre une exp\u00e9rience sereine et m\u00e9morable.<\/p>\n<p>Finalement, que vous cherchiez un accompagnement de A \u00e0 Z ou juste de la supervision avec un accompagnement final le jour J, faire appel \u00e0 une Wedding Planner peut \u00eatre vraiment utile et peut vous \u00e9viter beaucoup d\u2019erreurs ! C\u2019est un gain de temps et d\u2019\u00e9nergie qui permet d\u2019\u00e9viter ou en tout cas de limiter la dose de stress procur\u00e9e par l\u2019organisation de l\u2019\u00e9v\u00e8nement si important qu\u2019est le mariage, de g\u00e9rer au mieux son budget, d\u2019avoir un mariage unique et cr\u00e9atif et d\u2019\u00eatre lib\u00e9r\u00e9 de la pression du jour J, tout \u00e7a gr\u00e2ce \u00e0 une expertise professionnelle.<\/p>\n<p>&nbsp;<\/p>\n<p>-&gt; D\u00e9couvrir nos derniers lieu de mariage <a href=\"https:\/\/msprivateevents.fr\/mariages\/galerie\/\" target=\"_blank\" rel=\"noopener\">ici<\/a><\/p>\n<p><a href=\"https:\/\/domaineduvalfleuri.com\/\" target=\"_blank\" rel=\"noopener\">Le Val Fleuri<\/a> (Se marier dans un Domaine en Moselle )<\/p>\n<p><a href=\"http:\/\/www.domaine-de-liary.fr\/FR\/index.html\" target=\"_blank\" rel=\"noopener\">Domaine de Liary<\/a> (Se marier dans un Domaine en Seine et Marne)<\/p>\n<p>SMART MARIAGE : agence de Wedding Planner en \u00eele-de-france<\/p>\n<p>&nbsp;<\/p>\n<h3 class=\"sd-title\">PARTAGER :<\/h3>\n<div class=\"sd-content\">\n<ul data-sharing-events-added=\"true\">\n<li class=\"share-twitter\"><a class=\"share-twitter sd-button share-icon\" href=\"https:\/\/msprivateevents.fr\/2024\/07\/09\/faire-appel-a-une-wedding-planner\/?share=twitter&amp;nb=1\" target=\"_blank\" rel=\"nofollow noopener noreferrer\" data-shared=\"sharing-twitter-4581\" aria-labelledby=\"sharing-twitter-4581\"> X<\/a><\/li>\n<li class=\"share-facebook\"><a class=\"share-facebook sd-button share-icon\" href=\"https:\/\/msprivateevents.fr\/2024\/07\/09\/faire-appel-a-une-wedding-planner\/?share=facebook&amp;nb=1\" target=\"_blank\" rel=\"nofollow noopener noreferrer\" data-shared=\"sharing-facebook-4581\" aria-labelledby=\"sharing-facebook-4581\"> Facebook<\/a><\/li>\n<li><a class=\"sharing-anchor sd-button share-more\" href=\"https:\/\/msprivateevents.fr\/2024\/07\/09\/faire-appel-a-une-wedding-planner\/#\" target=\"_blank\" rel=\"noopener\">Plus<\/a><\/li>\n<\/ul>\n<\/div>\n\n\t\t<\/div>\n\t<\/div>\n<\/div><\/div><\/div><\/div>\n<\/div>","protected":false},"excerpt":{"rendered":"FAIRE APPEL \u00c0 UNE WEDDING PLANNER : LES 5 BONNES RAISONS &nbsp; \"Wedding planner Paris : \u00e9conomiser du temps et de l'\u00e9nergie\" Organiser un mariage demande des centaines d'heures de [...]","protected":false},"author":3,"featured_media":0,"parent":311,"menu_order":0,"comment_status":"closed","ping_status":"closed","template":"","meta":{"footnotes":""},"class_list":["post-2056","page","type-page","status-publish","hentry"],"_links":{"self":[{"href":"https:\/\/www.smartmariage.com\/en\/wp-json\/wp\/v2\/pages\/2056","targetHints":{"allow":["GET"]}}],"collection":[{"href":"https:\/\/www.smartmariage.com\/en\/wp-json\/wp\/v2\/pages"}],"about":[{"href":"https:\/\/www.smartmariage.com\/en\/wp-json\/wp\/v2\/types\/page"}],"author":[{"embeddable":true,"href":"https:\/\/www.smartmariage.com\/en\/wp-json\/wp\/v2\/users\/3"}],"replies":[{"embeddable":true,"href":"https:\/\/www.smartmariage.com\/en\/wp-json\/wp\/v2\/comments?post=2056"}],"version-history":[{"count":10,"href":"https:\/\/www.smartmariage.com\/en\/wp-json\/wp\/v2\/pages\/2056\/revisions"}],"predecessor-version":[{"id":3697,"href":"https:\/\/www.smartmariage.com\/en\/wp-json\/wp\/v2\/pages\/2056\/revisions\/3697"}],"up":[{"embeddable":true,"href":"https:\/\/www.smartmariage.com\/en\/wp-json\/wp\/v2\/pages\/311"}],"wp:attachment":[{"href":"https:\/\/www.smartmariage.com\/en\/wp-json\/wp\/v2\/media?parent=2056"}],"curies":[{"name":"wp","href":"https:\/\/api.w.org\/{rel}","templated":true}]}}