{"id":2059,"date":"2025-05-07T08:15:25","date_gmt":"2025-05-07T06:15:25","guid":{"rendered":"https:\/\/www.smartmariage.com\/?page_id=2059"},"modified":"2025-06-17T17:54:06","modified_gmt":"2025-06-17T15:54:06","slug":"checklist-mariage-jour-j","status":"publish","type":"page","link":"https:\/\/www.smartmariage.com\/en\/about\/tendances-mariage-smart-mariage-presse\/checklist-mariage-jour-j\/","title":{"rendered":"Check-list mariage jour J : ne rien oublier le jour J"},"content":{"rendered":"<div class=\"wpb-content-wrapper\"><div class=\"vc_row wpb_row vc_row-fluid vc_column-gap-0\"><div class=\"wpb_column vc_column_container vc_col-sm-12 occ-658863\"><div class=\"vc_column-inner\"><div class=\"wpb_wrapper\">\n\t<div class=\"wpb_text_column wpb_content_element\" >\n\t\t<div class=\"wpb_wrapper\">\n\t\t\t<p class=\"has-georgia-font-family has-custom-font\"><strong data-start=\"85\" data-end=\"115\">Checklist mariage jour J :<\/strong> le grand jour approche, et vous avez tout minutieusement planifi\u00e9 pour votre mariage, sauf\u2026 votre SAC pour le Jour J ! Que vous envisagiez de passer la nuit sur le lieu du mariage ou dans un h\u00f4tel pour votre lune de miel, une valise bien pr\u00e9par\u00e9e est la cl\u00e9 d\u2019une journ\u00e9e sans stress. Profitez de notre checklist mariage pour vous assurer que votre sac est parfaitement organis\u00e9 !<\/p>\n<p>&nbsp;<\/p>\n<h3>CHECK LIST MARIAGE JOUR J, MA VALISE POUR LE JOUR J :<\/h3>\n<ul class=\"has-georgia-font-family has-custom-font wp-block-list\">\n<li><strong data-start=\"72\" data-end=\"110\">Paires de chaussures de rechange :<\/strong> Pr\u00e9voyez au moins une, voire deux paires suppl\u00e9mentaires pour les photos, la soir\u00e9e dansante, et tout changement de tenue. Il est essentiel de penser au confort tout au long de cette longue journ\u00e9e. Optez peut-\u00eatre pour une paire de baskets personnalis\u00e9es de chez Doublegcustoms, qui allient style et confort, parfaites pour profiter pleinement de la f\u00eate sans douleur aux pieds.<\/li>\n<\/ul>\n<p>&nbsp;<\/p>\n<ul class=\"has-georgia-font-family has-custom-font wp-block-list\">\n<li><strong>Alliances :<\/strong> \u00c7a vous para\u00eet \u00e9vident, et pourtant, il n\u2019est pas impossible de ne plus les retrouver le Jour J \u00e0 anticiper !<\/li>\n<\/ul>\n<p>&nbsp;<\/p>\n<ul class=\"has-georgia-font-family has-custom-font wp-block-list\">\n<li><strong>Tenues de rechange :<\/strong> Pr\u00e9voyez une ou deux tenues suppl\u00e9mentaires pour r\u00e9pondre \u00e0 toutes les \u00e9ventualit\u00e9s. Il m\u2019est d\u00e9j\u00e0 arriv\u00e9e plusieurs fois sur un mariage que la mari\u00e9e d\u00e9cide finalement de garder sa tenue initiale car trop fatigu\u00e9e, ou parce qu\u2019elle pr\u00e9f\u00e9rait profiter de sa soir\u00e9e !<\/li>\n<\/ul>\n<p>&nbsp;<\/p>\n<ul class=\"has-georgia-font-family has-custom-font wp-block-list\">\n<li><strong>Voile de la robe de mari\u00e9e :<\/strong> Pour les mari\u00e9es avec un voile, assurez-vous de le garder \u00e0 port\u00e9e de main dans la m\u00eame housse que votre robe. Dans mon exp\u00e9rience de Wedding Planner, il m\u2019est d\u00e9j\u00e0 arriv\u00e9e que la mari\u00e9e ne retrouve plus son voile 10 minutes avant son d\u00e9part pour la c\u00e9r\u00e9monie. Un stress que l\u2019on peut pourtant \u00e9viter !<\/li>\n<\/ul>\n<p>&nbsp;<\/p>\n<ul class=\"has-georgia-font-family has-custom-font wp-block-list\">\n<li><strong>Maquillage :<\/strong> Emportez le maquillage utilis\u00e9 par votre maquilleuse, con\u00e7u pour tenir toute la journ\u00e9e et la soir\u00e9e.<\/li>\n<\/ul>\n<p>&nbsp;<\/p>\n<ul class=\"has-georgia-font-family has-custom-font wp-block-list\">\n<li><strong>Cr\u00e8me pour les mains<\/strong> : Imaginez vos mains s\u00e8ches sur vos photos de mariage!<\/li>\n<\/ul>\n<p>&nbsp;<\/p>\n<ul class=\"has-georgia-font-family has-custom-font wp-block-list\">\n<li><strong>Paquet de mouchoir <\/strong>: Devons nous vraiment vous expliquer pourquoi?<\/li>\n<\/ul>\n<p>&nbsp;<\/p>\n<ul class=\"has-georgia-font-family has-custom-font wp-block-list\">\n<li><strong>\u00c9ventail <\/strong>: Envisagez un \u00e9ventail assorti \u00e0 votre tenue pour faire face \u00e0 d\u2019\u00e9ventuelles fortes chaleurs.<\/li>\n<\/ul>\n<p>&nbsp;<\/p>\n<ul class=\"has-georgia-font-family has-custom-font wp-block-list\">\n<li><strong>Chemise de rechange :<\/strong> Pour les messieurs, une ou deux chemises de rechange sont toujours utiles. Ainsi, pas de crainte si malencontreusement votre fond de teint se d\u00e9pose sur son col de chemise ou si Mr transpire un peu trop pendant la journ\u00e9e de mariage !<\/li>\n<\/ul>\n<p>&nbsp;<\/p>\n<ul class=\"has-georgia-font-family has-custom-font wp-block-list\">\n<li><strong>D\u00e9odorant<\/strong>: \u00e0 cocher au plus vite sur votre check-list mariage!<\/li>\n<\/ul>\n<p>&nbsp;<\/p>\n<ul class=\"has-georgia-font-family has-custom-font wp-block-list\">\n<li><strong>Bonbons menthol\u00e9<\/strong>: Un petit four \u00e0 l\u2019oignon?<\/li>\n<\/ul>\n<p>&nbsp;<\/p>\n<ul class=\"has-georgia-font-family has-custom-font wp-block-list\">\n<li><strong>Papiers d\u2019identit\u00e9 :<\/strong> Importants pour la mairie.<\/li>\n<\/ul>\n<p>&nbsp;<\/p>\n<ul class=\"has-georgia-font-family has-custom-font wp-block-list\">\n<li><strong>Livret de famille :<\/strong> pour la c\u00e9r\u00e9monie religieuse de mariage<\/li>\n<\/ul>\n<p>&nbsp;<\/p>\n<ul class=\"has-georgia-font-family has-custom-font wp-block-list\">\n<li><strong>Tenue du lendemain pour le brunch :<\/strong> Ne pas oublier les sous-v\u00eatements de rechange. N\u2019h\u00e9sitez pas \u00e0 consulter notre article <a href=\"https:\/\/msprivateevents.fr\/2022\/04\/11\/lendemain-de-mariage-que-faire\/\" target=\"_blank\" rel=\"noopener\">\u00ab\u00a0Lendemain de mariage que faire\u00a0\u00bb<\/a><\/li>\n<\/ul>\n<p>&nbsp;<\/p>\n<ul class=\"has-georgia-font-family has-custom-font wp-block-list\">\n<li><strong>Trousse de secours<\/strong> : g\u00e9r\u00e9e \u00e9galement par votre Wedding Planner !<\/li>\n<\/ul>\n<p>&nbsp;<\/p>\n<ul class=\"has-georgia-font-family has-custom-font wp-block-list\">\n<li><strong>D\u00e9froisseur<\/strong> : nos Wedding Planner ont poss\u00e8des toutes un!<\/li>\n<\/ul>\n<p>&nbsp;<\/p>\n<ul class=\"has-georgia-font-family has-custom-font wp-block-list\">\n<li><strong data-start=\"91\" data-end=\"159\">Kit de couture (g\u00e9r\u00e9 aussi par votre organisatrice de mariage) :<\/strong> Lors de l\u2019un de nos mariages, la mari\u00e9e, trouvant qu\u2019un des boutons de sa robe \u00e9tait de trop, a d\u00e9cid\u00e9 de couper le fil correspondant ! Malheureusement, ce fil \u00e9tait un fil porteur, et tous les boutons se sont \u00e9croul\u00e9s un \u00e0 un\u2026 Heureusement, un kit de couture complet \u00e9tait disponible sur place, ainsi qu\u2019une superbe demoiselle d\u2019honneur au talent de couturi\u00e8re, qui a pu r\u00e9parer la robe en un rien de temps. Ce petit kit est donc indispensable pour parer \u00e0 toute urgence et \u00e9viter les catastrophes de derni\u00e8re minute !<\/li>\n<\/ul>\n<p>&nbsp;<\/p>\n<ul class=\"has-georgia-font-family has-custom-font wp-block-list\">\n<li><strong>M\u00e9dicaments<\/strong>: Comme des Doliprane et des pansements.<\/li>\n<\/ul>\n<p>&nbsp;<\/p>\n<ul class=\"has-georgia-font-family has-custom-font wp-block-list\">\n<li><strong>\u00c9pingles adapt\u00e9es :<\/strong> Utiles pour relever la tra\u00eene de votre robe de mari\u00e9e. L\u2019une de nos mari\u00e9es n\u2019avait pas pris les bonnes \u00e9pingles allant avec la robe, nous avons donc d\u00fb redoubler d\u2019imagination pour sur\u00e9lever sa robe sans g\u00e2cher la style.<\/li>\n<\/ul>\n<p>&nbsp;<\/p>\n<ul class=\"has-georgia-font-family has-custom-font wp-block-list\">\n<li><strong>Faire-part de mariage :<\/strong> \u00c0 port\u00e9e de main pour des photos artistiques.<\/li>\n<\/ul>\n<p>&nbsp;<\/p>\n<p><img decoding=\"async\" class=\"alignnone wp-image-3604\" src=\"https:\/\/i0.wp.com\/msprivateevents.fr\/wp-content\/uploads\/2023\/11\/IMG_9175.jpeg?resize=700%2C933&amp;ssl=1\" sizes=\"(max-width: 700px) 100vw, 700px\" srcset=\"https:\/\/i0.wp.com\/msprivateevents.fr\/wp-content\/uploads\/2023\/11\/IMG_9175.jpeg?resize=750%2C1000&amp;ssl=1 750w, https:\/\/i0.wp.com\/msprivateevents.fr\/wp-content\/uploads\/2023\/11\/IMG_9175.jpeg?resize=188%2C250&amp;ssl=1 188w, https:\/\/i0.wp.com\/msprivateevents.fr\/wp-content\/uploads\/2023\/11\/IMG_9175.jpeg?resize=768%2C1024&amp;ssl=1 768w, https:\/\/i0.wp.com\/msprivateevents.fr\/wp-content\/uploads\/2023\/11\/IMG_9175.jpeg?resize=1152%2C1536&amp;ssl=1 1152w, https:\/\/i0.wp.com\/msprivateevents.fr\/wp-content\/uploads\/2023\/11\/IMG_9175.jpeg?resize=1536%2C2048&amp;ssl=1 1536w, https:\/\/i0.wp.com\/msprivateevents.fr\/wp-content\/uploads\/2023\/11\/IMG_9175.jpeg?resize=900%2C1200&amp;ssl=1 900w, https:\/\/i0.wp.com\/msprivateevents.fr\/wp-content\/uploads\/2023\/11\/IMG_9175.jpeg?resize=600%2C800&amp;ssl=1 600w, https:\/\/i0.wp.com\/msprivateevents.fr\/wp-content\/uploads\/2023\/11\/IMG_9175.jpeg?resize=450%2C600&amp;ssl=1 450w, https:\/\/i0.wp.com\/msprivateevents.fr\/wp-content\/uploads\/2023\/11\/IMG_9175.jpeg?resize=300%2C400&amp;ssl=1 300w, https:\/\/i0.wp.com\/msprivateevents.fr\/wp-content\/uploads\/2023\/11\/IMG_9175.jpeg?resize=150%2C200&amp;ssl=1 150w, https:\/\/i0.wp.com\/msprivateevents.fr\/wp-content\/uploads\/2023\/11\/IMG_9175.jpeg?resize=1200%2C1600&amp;ssl=1 1200w, https:\/\/i0.wp.com\/msprivateevents.fr\/wp-content\/uploads\/2023\/11\/IMG_9175.jpeg?resize=700%2C933&amp;ssl=1 700w, https:\/\/i0.wp.com\/msprivateevents.fr\/wp-content\/uploads\/2023\/11\/IMG_9175.jpeg?resize=2000%2C2667&amp;ssl=1 2000w, https:\/\/i0.wp.com\/msprivateevents.fr\/wp-content\/uploads\/2023\/11\/IMG_9175.jpeg?w=1400&amp;ssl=1 1400w, https:\/\/i0.wp.com\/msprivateevents.fr\/wp-content\/uploads\/2023\/11\/IMG_9175.jpeg?w=2100&amp;ssl=1 2100w\" alt=\"Checklist Mariage jour J\" width=\"253\" height=\"337\" data-recalc-dims=\"1\" data-attachment-id=\"3604\" data-permalink=\"https:\/\/msprivateevents.fr\/2023\/11\/25\/check-list-mariage-ne-rien-oublier-le-jour-j\/img_9175-3\/\" data-orig-file=\"https:\/\/i0.wp.com\/msprivateevents.fr\/wp-content\/uploads\/2023\/11\/IMG_9175.jpeg?fit=3024%2C4032&amp;ssl=1\" data-orig-size=\"3024,4032\" data-comments-opened=\"1\" data-image-meta=\"{&quot;aperture&quot;:&quot;2.8&quot;,&quot;credit&quot;:&quot;&quot;,&quot;camera&quot;:&quot;iPhone 8 Plus&quot;,&quot;caption&quot;:&quot;&quot;,&quot;created_timestamp&quot;:&quot;1657393892&quot;,&quot;copyright&quot;:&quot;&quot;,&quot;focal_length&quot;:&quot;6.6&quot;,&quot;iso&quot;:&quot;25&quot;,&quot;shutter_speed&quot;:&quot;0.01&quot;,&quot;title&quot;:&quot;&quot;,&quot;orientation&quot;:&quot;1&quot;}\" data-image-title=\"IMG_9175\" data-image-description=\"\" data-image-caption=\"\" data-medium-file=\"https:\/\/i0.wp.com\/msprivateevents.fr\/wp-content\/uploads\/2023\/11\/IMG_9175.jpeg?fit=188%2C250&amp;ssl=1\" data-large-file=\"https:\/\/i0.wp.com\/msprivateevents.fr\/wp-content\/uploads\/2023\/11\/IMG_9175.jpeg?fit=700%2C933&amp;ssl=1\" title=\"\"><strong><img decoding=\"async\" class=\"wp-image-2053 alignleft\" src=\"https:\/\/www.smartmariage.com\/wp-content\/uploads\/2025\/05\/t30_819551-3-200x300.jpg\" alt=\"\" width=\"224\" height=\"336\" title=\"\" srcset=\"https:\/\/www.smartmariage.com\/wp-content\/uploads\/2025\/05\/t30_819551-3-200x300.jpg 200w, https:\/\/www.smartmariage.com\/wp-content\/uploads\/2025\/05\/t30_819551-3.jpg 466w\" sizes=\"(max-width: 224px) 100vw, 224px\" \/><\/strong><\/p>\n<p>&nbsp;<\/p>\n<p class=\"has-georgia-font-family has-custom-font\"><strong>LA SEMAINE DU MARIAGE, JE DOIS PENSER \u00c0 :<\/strong><\/p>\n<p>-Essayer de faire vos chaussures avant le jour du mariage.<\/p>\n<p>&nbsp;<\/p>\n<p>-Assurez-vous de bien dormir.<\/p>\n<p>&nbsp;<\/p>\n<p>-R\u00e9servez un spa avec vos meilleures amies pour vous d\u00e9tendre.<\/p>\n<p>&nbsp;<\/p>\n<p><strong data-start=\"76\" data-end=\"248\">Recharger son t\u00e9l\u00e9phone \u00e0 bloc, puis le confier \u00e0 sa t\u00e9moin ou \u00e0 un proche de confiance, qui pourra le remplir de photos et vid\u00e9os souvenirs tout au long de la journ\u00e9e.<\/strong> Ainsi, vous prendrez plaisir \u00e0 tout d\u00e9couvrir sur votre t\u00e9l\u00e9phone d\u00e8s le lendemain (ou m\u00eame le soir), avant de recevoir les photos et vid\u00e9os officielles. C\u2019est \u00e9galement tr\u00e8s pratique pour les adeptes des stories Instagram, TikTok, ou des r\u00e9els, qui souhaitent partager en direct ces moments magiques. Pour une approche encore plus professionnelle, vous pouvez aussi faire appel \u00e0 un content manager sp\u00e9cialis\u00e9 en mariage. Une question \u00e0 ce sujet ? N\u2019h\u00e9sitez pas \u00e0 consulter nos Wedding Planner, qui sauront vous conseiller au mieux !<\/p>\n<p>&nbsp;<\/p>\n<p>-La manucure, p\u00e9dicure, \u00e9pilation faite quelques jours avant le mariage (Mr, pensez aussi \u00e0 vos ongles, les photos resteront \u00e0 vie, il serait dommage de vous cr\u00e9er un complexe!)<\/p>\n<p>&nbsp;<\/p>\n<p class=\"has-georgia-font-family has-custom-font\"><strong>ON \u00c9VITE:<\/strong><\/p>\n<p>-Les traces de bronzage sur les bras (bof bof sur les photos!)<\/p>\n<p>&nbsp;<\/p>\n<p>-Tester un nouveau masque pour le visage, ou un nouvel auto bronzant ! Les tests, c\u2019est pendant l\u2019organisation de mariage, pas la veille !<\/p>\n<p>&nbsp;<\/p>\n<p>-L\u2019\u00e9pilation quelques jours avant votre mariage (notamment pour celles qui marquent facilement)<\/p>\n<p>&nbsp;<\/p>\n<p>&nbsp;<\/p>\n<p class=\"has-georgia-font-family has-custom-font\">Finalement, l\u00e2chez prise! Vous ne vous mariez qu\u2019une fois dans une vie (normalement!) . Il serait triste de g\u00e2cher un moment unique, comme celui-ci! Ne passez pas \u00e0 c\u00f4t\u00e9 de ce moment inoubliable, faites confiance \u00e0 votre Wedding Planner, laissez vous transporter! Vous le m\u00e9ritez\u2026 tant !<\/p>\n<p>&nbsp;<\/p>\n<div class=\"sharedaddy sd-sharing-enabled\">\n<div class=\"robots-nocontent sd-block sd-social sd-social-icon-text sd-sharing\">\n<h3 class=\"sd-title\">PARTAGER :<\/h3>\n<div class=\"sd-content\">\n<ul data-sharing-events-added=\"true\">\n<li class=\"share-twitter\"><a class=\"share-twitter sd-button share-icon\" href=\"https:\/\/msprivateevents.fr\/2023\/11\/25\/check-list-mariage-ne-rien-oublier-le-jour-j\/?share=twitter&amp;nb=1\" target=\"_blank\" rel=\"nofollow noopener noreferrer\" data-shared=\"sharing-twitter-3411\" aria-labelledby=\"sharing-twitter-3411\"> X<\/a><\/li>\n<li class=\"share-facebook\"><a class=\"share-facebook sd-button share-icon\" href=\"https:\/\/msprivateevents.fr\/2023\/11\/25\/check-list-mariage-ne-rien-oublier-le-jour-j\/?share=facebook&amp;nb=1\" target=\"_blank\" rel=\"nofollow noopener noreferrer\" data-shared=\"sharing-facebook-3411\" aria-labelledby=\"sharing-facebook-3411\"> Facebook<\/a><\/li>\n<li><a class=\"sharing-anchor sd-button share-more\" href=\"https:\/\/msprivateevents.fr\/2023\/11\/25\/check-list-mariage-ne-rien-oublier-le-jour-j\/#\" target=\"_blank\" rel=\"noopener\">Plus<\/a><\/li>\n<\/ul>\n<\/div>\n<\/div>\n<\/div>\n\n\t\t<\/div>\n\t<\/div>\n<\/div><\/div><\/div><\/div>\n<\/div>","protected":false},"excerpt":{"rendered":"Checklist mariage jour J : le grand jour approche, et vous avez tout minutieusement planifi\u00e9 pour votre mariage, sauf\u2026 votre SAC pour le Jour J ! Que vous envisagiez de [...]","protected":false},"author":3,"featured_media":0,"parent":311,"menu_order":0,"comment_status":"closed","ping_status":"closed","template":"","meta":{"footnotes":""},"class_list":["post-2059","page","type-page","status-publish","hentry"],"_links":{"self":[{"href":"https:\/\/www.smartmariage.com\/en\/wp-json\/wp\/v2\/pages\/2059","targetHints":{"allow":["GET"]}}],"collection":[{"href":"https:\/\/www.smartmariage.com\/en\/wp-json\/wp\/v2\/pages"}],"about":[{"href":"https:\/\/www.smartmariage.com\/en\/wp-json\/wp\/v2\/types\/page"}],"author":[{"embeddable":true,"href":"https:\/\/www.smartmariage.com\/en\/wp-json\/wp\/v2\/users\/3"}],"replies":[{"embeddable":true,"href":"https:\/\/www.smartmariage.com\/en\/wp-json\/wp\/v2\/comments?post=2059"}],"version-history":[{"count":8,"href":"https:\/\/www.smartmariage.com\/en\/wp-json\/wp\/v2\/pages\/2059\/revisions"}],"predecessor-version":[{"id":3689,"href":"https:\/\/www.smartmariage.com\/en\/wp-json\/wp\/v2\/pages\/2059\/revisions\/3689"}],"up":[{"embeddable":true,"href":"https:\/\/www.smartmariage.com\/en\/wp-json\/wp\/v2\/pages\/311"}],"wp:attachment":[{"href":"https:\/\/www.smartmariage.com\/en\/wp-json\/wp\/v2\/media?parent=2059"}],"curies":[{"name":"wp","href":"https:\/\/api.w.org\/{rel}","templated":true}]}}