{"id":2062,"date":"2025-05-07T08:17:12","date_gmt":"2025-05-07T06:17:12","guid":{"rendered":"https:\/\/www.smartmariage.com\/?page_id=2062"},"modified":"2025-06-17T17:46:17","modified_gmt":"2025-06-17T15:46:17","slug":"lendemain-de-mariage","status":"publish","type":"page","link":"https:\/\/www.smartmariage.com\/en\/about\/tendances-mariage-smart-mariage-presse\/lendemain-de-mariage\/","title":{"rendered":"Lendemain de mariage : que faire ?"},"content":{"rendered":"<div class=\"wpb-content-wrapper\"><div class=\"vc_row wpb_row vc_row-fluid vc_column-gap-0\"><div class=\"wpb_column vc_column_container vc_col-sm-12 occ-561854\"><div class=\"vc_column-inner\"><div class=\"wpb_wrapper\">\n\t<div class=\"wpb_text_column wpb_content_element\" >\n\t\t<div class=\"wpb_wrapper\">\n\t\t\t<p class=\"has-cormorant-garamond-font-family has-custom-font\"><strong data-start=\"86\" data-end=\"112\">Lendemain de mariage :<\/strong> dans certaines traditions, le mariage doit \u00eatre organis\u00e9 sur plusieurs jours. Mais en Occident, nous avons une vision diff\u00e9rente des lendemains de mariage. En tant que Wedding Planner en France, nous constatons que, par exemple, les lendemains de mariage y sont vus comme un moyen de prolonger la f\u00eate avec ses proches de mani\u00e8re plus intimiste. Lendemain de mariage : que faire ?<\/p>\n<p>&nbsp;<\/p>\n<p class=\"has-cormorant-garamond-font-family has-custom-font\"><strong>Vous souhaitez prolonger votre mariage d\u2019un jour, mais \u00eates en panne d\u2019inspiration ? Pour les ind\u00e9cis voici notre s\u00e9lection d\u2019id\u00e9es.<\/strong><\/p>\n<p>&nbsp;<\/p>\n<h3 class=\"wp-block-heading\" style=\"text-align: left;\">LE BRUNCH<\/h3>\n<p class=\"has-cormorant-garamond-font-family has-custom-font\">Nombreux sont ceux qui optent pour un brunch convivial au lendemain de leur mariage. Propos\u00e9 par une grande partie des lieux d\u2019organisation, le brunch est devenu un incontournable, appr\u00e9ci\u00e9 pour son c\u00f4t\u00e9 \u00e0 la fois d\u00e9contract\u00e9 et gourmand. Effectivement, il permet aux mari\u00e9s comme aux invit\u00e9s de ne pas se lever trop t\u00f4t, contrairement aux formules \u00ab petit d\u00e9jeuner \u00bb souvent plus matinales. Pr\u00e9sent\u00e9 sous forme de buffet g\u00e9n\u00e9reux, il convient parfaitement pour un lendemain de mariage : une large vari\u00e9t\u00e9 de mets savoureux et \u00e9quilibr\u00e9s, allant du jus de fruits frais aux l\u00e9gumes croquants, en passant par des viennoiseries maison et des plats chauds. Quoi de mieux pour se remettre en douceur et avec plaisir d\u2019un tel \u00e9v\u00e9nement exceptionnel ?<\/p>\n<div aria-hidden=\"true\">\n<p>&nbsp;<\/p>\n<\/div>\n<h3 id=\"h-le-pique-nique\" class=\"wp-block-heading\">LE PIQUE-NIQUE<\/h3>\n<p class=\"has-cormorant-garamond-font-family has-custom-font\">Parfait pour les mariages aux th\u00e8mes champ\u00eatre ou rustique. \u00a0Le pique-nique est une bonne alternative pour profiter de l\u2019ext\u00e9rieur. Cela vous permet aussi de profiter encore de vos d\u00e9corations de mariage, et m\u00eame d\u2019en jouer. Par exemple, pour un mariage<a href=\"https:\/\/msprivateevents.fr\/2020\/05\/03\/astuces-pour-un-mariage-eco-responsable\/\" target=\"_blank\" rel=\"noopener\"> respectueux de l\u2019environnement<\/a> , les d\u00e9corations d\u2019un mariage champ\u00eatre (botte de foin, banc en bois, guirlande guinguette, etc.) correspondent parfaitement \u00e0 un pique-nique. Si vous choisissez cette option, il ne vous reste plus qu\u2019\u00e0 esp\u00e9rer que le soleil s\u2019invite \u00e0 votre lendemain de mariage\u2026 quoiqu\u2019un pique-nique en int\u00e9rieur pourrait aussi marquer les esprits\u00a0?<\/p>\n<p class=\"has-cormorant-garamond-font-family has-custom-font\">Enfin, la pr\u00e9paration est simple. Vous pouvez faire appel \u00e0 un traiteur, en choisissant des formules phares telles que: les sandwich, planches de fromage ou de charcuterie, etc. Pour plus d\u2019originalit\u00e9, vous pouvez demander \u00e0 un traiteur sp\u00e9cialis\u00e9 de vous servir des grillades de requin ou porcelet \u00e0 la broche ou encore du fromage brais\u00e9 !<\/p>\n<p>&nbsp;<\/p>\n<div class=\"wp-block-spacer\" style=\"text-align: left;\" aria-hidden=\"true\"><\/div>\n<div aria-hidden=\"true\"><\/div>\n<h3 id=\"h-le-food-truck\" class=\"wp-block-heading\" style=\"text-align: left;\">LE FOOD-TRUCK<\/h3>\n<p class=\"has-cormorant-garamond-font-family has-custom-font\">Grande tendance des mariages ces derni\u00e8res ann\u00e9es, le Food Truck, originaire des \u00c9tats-Unis, apporte une ambiance Street Food conviviale et d\u00e9contract\u00e9e \u00e0 votre lendemain de mariage. Vous avez le choix parmi une multitude de sp\u00e9cialit\u00e9s \u00e0 la carte, telles que les burgers gourmets, hot-dogs savoureux, tacos \u00e9pic\u00e9s, pizzas artisanales ou bien d\u2019autres d\u00e9lices. La personnalisation peut m\u00eame aller jusqu\u2019au style du camion que vous choisirez pour l\u2019occasion. Par exemple, chez MS Private Events, nous adorons particuli\u00e8rement les camionnettes vintage qui ajoutent un charme r\u00e9tro et une touche d\u2019originalit\u00e9 \u00e0 votre \u00e9v\u00e9nement. Ainsi, chacun de vos invit\u00e9s pourra y trouver son bonheur, dans une atmosph\u00e8re festive et gourmande.<\/p>\n<h3><\/h3>\n<p>&nbsp;<\/p>\n<h3 id=\"h-un-plat-fait-maison\" class=\"wp-block-heading\" style=\"text-align: left;\">UN PLAT FAIT MAISON<\/h3>\n<p class=\"has-cormorant-garamond-font-family has-custom-font\">Un choix \u00e9conomique qui n\u00e9cessite tout de m\u00eame un minimum d\u2019organisation et de pr\u00e9paration pour assurer une exp\u00e9rience r\u00e9ussie. Les plats peuvent \u00eatre d\u00e9finis en fonction des origines des mari\u00e9s ou correspondre \u00e0 un th\u00e8me pr\u00e9cis : couscous, paella, maf\u00e9, biryani, etc. Certains appr\u00e9cieront ce clin d\u2019\u0153il chaleureux \u00e0 leurs racines culturelles, tandis que d\u2019autres repartiront avec une exp\u00e9rience culinaire unique et inoubliable, pleine de saveurs et de d\u00e9couvertes.<\/p>\n<p>&nbsp;<\/p>\n<p class=\"has-cormorant-garamond-font-family has-custom-font\" style=\"text-align: left;\"><strong><img decoding=\"async\" class=\"alignnone wp-image-1991\" src=\"https:\/\/www.smartmariage.com\/wp-content\/uploads\/2025\/05\/Mariage-Stephanie-Romain-546-2-2-300x200.jpg\" alt=\"Lendemain de mariage\" width=\"439\" height=\"292\" title=\"\"><\/strong><\/p>\n<p>&nbsp;<\/p>\n<p class=\"has-cormorant-garamond-font-family has-custom-font\" style=\"text-align: left;\"><strong>J\u2019esp\u00e8re que nous vous avons inspir\u00e9 un lendemain de mariage qui vous ressemble. Evidemment rien n\u2019est obligatoire, \u00e0 vous de d\u00e9finir le d\u00e9roulement de votre mariage. Et si pour vous lendemain de mariage rime avec cocooning, pourquoi ne pas organiser un repas ou une soir\u00e9e de veille de mariage\u00a0?<\/strong><\/p>\n<div class=\"wp-block-spacer\" style=\"text-align: center;\" aria-hidden=\"true\"><\/div>\n<div aria-hidden=\"true\"><\/div>\n<p>&nbsp;<\/p>\n<p style=\"text-align: left;\"><a href=\"https:\/\/msprivateevents.fr\/a-propos-wedding-planner-paris\/\" target=\"_blank\" rel=\"noopener\">Sophie <\/a>\u2013 Wedding Planner MS Private Events<\/p>\n<p style=\"text-align: left;\">Recommandations<\/p>\n<p style=\"text-align: left;\"><a href=\"https:\/\/www.facebook.com\/Pimpyourstory\/\" target=\"_blank\" rel=\"noopener\">https:\/\/www.facebook.com\/Pimpyourstory\/<\/a><\/p>\n<p style=\"text-align: left;\"><a href=\"https:\/\/www.goodbrunch.fr\/\" target=\"_blank\" rel=\"noopener\">https:\/\/www.goodbrunch.fr\/<\/a><\/p>\n<p>Photo principale : <a href=\"https:\/\/www.lemanoirdescygnes.fr\/\" target=\"_blank\" rel=\"noopener\">Le Manoir des Cygnes<\/a> \u2013 cr\u00e9dit Virginie.S<\/p>\n\n\t\t<\/div>\n\t<\/div>\n<\/div><\/div><\/div><\/div>\n<\/div>","protected":false},"excerpt":{"rendered":"Lendemain de mariage : dans certaines traditions, le mariage doit \u00eatre organis\u00e9 sur plusieurs jours. Mais en Occident, nous avons une vision diff\u00e9rente des lendemains de mariage. En tant que [...]","protected":false},"author":3,"featured_media":0,"parent":311,"menu_order":0,"comment_status":"closed","ping_status":"closed","template":"","meta":{"footnotes":""},"class_list":["post-2062","page","type-page","status-publish","hentry"],"_links":{"self":[{"href":"https:\/\/www.smartmariage.com\/en\/wp-json\/wp\/v2\/pages\/2062","targetHints":{"allow":["GET"]}}],"collection":[{"href":"https:\/\/www.smartmariage.com\/en\/wp-json\/wp\/v2\/pages"}],"about":[{"href":"https:\/\/www.smartmariage.com\/en\/wp-json\/wp\/v2\/types\/page"}],"author":[{"embeddable":true,"href":"https:\/\/www.smartmariage.com\/en\/wp-json\/wp\/v2\/users\/3"}],"replies":[{"embeddable":true,"href":"https:\/\/www.smartmariage.com\/en\/wp-json\/wp\/v2\/comments?post=2062"}],"version-history":[{"count":6,"href":"https:\/\/www.smartmariage.com\/en\/wp-json\/wp\/v2\/pages\/2062\/revisions"}],"predecessor-version":[{"id":3694,"href":"https:\/\/www.smartmariage.com\/en\/wp-json\/wp\/v2\/pages\/2062\/revisions\/3694"}],"up":[{"embeddable":true,"href":"https:\/\/www.smartmariage.com\/en\/wp-json\/wp\/v2\/pages\/311"}],"wp:attachment":[{"href":"https:\/\/www.smartmariage.com\/en\/wp-json\/wp\/v2\/media?parent=2062"}],"curies":[{"name":"wp","href":"https:\/\/api.w.org\/{rel}","templated":true}]}}