{"id":2707,"date":"2025-05-09T17:39:39","date_gmt":"2025-05-09T15:39:39","guid":{"rendered":"https:\/\/www.smartmariage.com\/?page_id=2707"},"modified":"2025-05-09T17:50:54","modified_gmt":"2025-05-09T15:50:54","slug":"qui-est-melissa","status":"publish","type":"page","link":"https:\/\/www.smartmariage.com\/en\/qui-est-melissa\/","title":{"rendered":"Qui est M\u00e9lissa ?"},"content":{"rendered":"<div class=\"wpb-content-wrapper\"><div class=\"vc_row wpb_row vc_row-fluid vc_column-gap-0\"><div class=\"wpb_column vc_column_container vc_col-sm-12 occ-701272\"><div class=\"vc_column-inner\"><div class=\"wpb_wrapper\">\n\t<div  class=\"wpb_single_image wpb_content_element vc_align_center wpb_content_element\">\n\t\t\n\t\t<figure class=\"wpb_wrapper vc_figure\">\n\t\t\t<div class=\"vc_single_image-wrapper   vc_box_border_grey\"><img decoding=\"async\" width=\"202\" height=\"300\" src=\"https:\/\/www.smartmariage.com\/wp-content\/uploads\/2025\/05\/photo-pro-Melissa-202x300.png\" class=\"vc_single_image-img attachment-medium\" alt=\"\" title=\"photo pro M\u00e9lissa\" srcset=\"https:\/\/www.smartmariage.com\/wp-content\/uploads\/2025\/05\/photo-pro-Melissa-202x300.png 202w, https:\/\/www.smartmariage.com\/wp-content\/uploads\/2025\/05\/photo-pro-Melissa.png 605w\" sizes=\"(max-width: 202px) 100vw, 202px\"><\/div>\n\t\t<\/figure>\n\t<\/div>\n\n\t<div class=\"wpb_text_column wpb_content_element\" >\n\t\t<div class=\"wpb_wrapper\">\n\t\t\t<p style=\"text-align: center;\"><span style=\"font-weight: 400;\">Apr\u00e8s avoir travaill\u00e9 plusieurs ann\u00e9es comme <strong>Responsable Coordinatrice Congr\u00e8s<\/strong> pour le compte d\u2019un grand groupe h\u00f4telier de luxe international, j\u2019ai d\u00e9cid\u00e9 de me d\u00e9dier \u00e0 l&rsquo;organisation de mariage.<\/span><\/p>\n<p style=\"text-align: center;\"><span style=\"font-weight: 400;\">D\u00e8s le d\u00e9but de ma carri\u00e8re j\u2019ai eu la chance, de participer \u00e0 l\u2019<strong>organisation de congr\u00e8s, mariages, enterrements de vie de jeune fille<\/strong>\u2026pour des raisons professionnelles comme personnelles.<\/span><\/p>\n<p style=\"text-align: center;\"><span style=\"font-weight: 400;\">Aujourd\u2019hui, comme une \u00e9vidence, je me suis entour\u00e9e de plusieurs professionnels du m\u00e9tier, afin de participer \u00e0 la <strong>cr\u00e9ation de vos mariages<\/strong>.<\/span><span style=\"font-weight: 400;\">\u00a0<\/span><\/p>\n<p>\u00a0<\/p>\n\n\t\t<\/div>\n\t<\/div>\n<\/div><\/div><\/div><\/div><div class=\"vc_row wpb_row vc_row-fluid vc_column-gap-0\"><div class=\"wpb_column vc_column_container vc_col-sm-12 occ-435892\"><div class=\"vc_column-inner\"><div class=\"wpb_wrapper\">\n<div id=\"ofd-57678\" class=\"ozy-floral-divider style_1 align-center\">\n<svg viewbox=\"0 0 360.62 37.92\"><use xlink:href=\"https:\/\/www.smartmariage.com\/wp-content\/plugins\/ozy-wedding-planner-essentials\/images\/floral_divider.svg#floral_divider\"><\/use><\/svg><\/div><\/div><\/div><\/div><\/div><div class=\"vc_row wpb_row vc_row-fluid vc_column-gap-0\"><div class=\"wpb_column vc_column_container vc_col-sm-12 occ-399750\"><div class=\"vc_column-inner\"><div class=\"wpb_wrapper\"><div class=\"vc_empty_space\"   style=\"height: 32px\"><span class=\"vc_empty_space_inner\"><\/span><\/div><\/div><\/div><\/div><\/div>\n<\/div>","protected":false},"excerpt":{"rendered":"Apr\u00e8s avoir travaill\u00e9 plusieurs ann\u00e9es comme Responsable Coordinatrice Congr\u00e8s pour le compte d\u2019un grand groupe h\u00f4telier de luxe international, j\u2019ai d\u00e9cid\u00e9 de me d\u00e9dier \u00e0 l'organisation de mariage. D\u00e8s le [...]","protected":false},"author":3,"featured_media":0,"parent":0,"menu_order":0,"comment_status":"closed","ping_status":"closed","template":"","meta":{"footnotes":""},"class_list":["post-2707","page","type-page","status-publish","hentry"],"_links":{"self":[{"href":"https:\/\/www.smartmariage.com\/en\/wp-json\/wp\/v2\/pages\/2707","targetHints":{"allow":["GET"]}}],"collection":[{"href":"https:\/\/www.smartmariage.com\/en\/wp-json\/wp\/v2\/pages"}],"about":[{"href":"https:\/\/www.smartmariage.com\/en\/wp-json\/wp\/v2\/types\/page"}],"author":[{"embeddable":true,"href":"https:\/\/www.smartmariage.com\/en\/wp-json\/wp\/v2\/users\/3"}],"replies":[{"embeddable":true,"href":"https:\/\/www.smartmariage.com\/en\/wp-json\/wp\/v2\/comments?post=2707"}],"version-history":[{"count":0,"href":"https:\/\/www.smartmariage.com\/en\/wp-json\/wp\/v2\/pages\/2707\/revisions"}],"wp:attachment":[{"href":"https:\/\/www.smartmariage.com\/en\/wp-json\/wp\/v2\/media?parent=2707"}],"curies":[{"name":"wp","href":"https:\/\/api.w.org\/{rel}","templated":true}]}}