{"id":3465,"date":"2025-06-09T16:50:54","date_gmt":"2025-06-09T14:50:54","guid":{"rendered":"https:\/\/www.smartmariage.com\/?page_id=3465"},"modified":"2025-06-09T16:50:54","modified_gmt":"2025-06-09T14:50:54","slug":"changer-mot-de-passe","status":"publish","type":"page","link":"https:\/\/www.smartmariage.com\/en\/changer-mot-de-passe\/","title":{"rendered":"Portal password change"},"content":{"rendered":"<p>Vous devez \u00eatre connect\u00e9 avec un acc\u00e8s portail pour changer votre mot de passe.<\/p>","protected":false},"excerpt":{"rendered":"Vous devez \u00eatre connect\u00e9 avec un acc\u00e8s portail pour changer votre mot de passe.","protected":false},"author":1,"featured_media":0,"parent":0,"menu_order":0,"comment_status":"closed","ping_status":"closed","template":"","meta":{"footnotes":""},"class_list":["post-3465","page","type-page","status-publish","hentry"],"_links":{"self":[{"href":"https:\/\/www.smartmariage.com\/en\/wp-json\/wp\/v2\/pages\/3465","targetHints":{"allow":["GET"]}}],"collection":[{"href":"https:\/\/www.smartmariage.com\/en\/wp-json\/wp\/v2\/pages"}],"about":[{"href":"https:\/\/www.smartmariage.com\/en\/wp-json\/wp\/v2\/types\/page"}],"author":[{"embeddable":true,"href":"https:\/\/www.smartmariage.com\/en\/wp-json\/wp\/v2\/users\/1"}],"replies":[{"embeddable":true,"href":"https:\/\/www.smartmariage.com\/en\/wp-json\/wp\/v2\/comments?post=3465"}],"version-history":[{"count":2,"href":"https:\/\/www.smartmariage.com\/en\/wp-json\/wp\/v2\/pages\/3465\/revisions"}],"predecessor-version":[{"id":3467,"href":"https:\/\/www.smartmariage.com\/en\/wp-json\/wp\/v2\/pages\/3465\/revisions\/3467"}],"wp:attachment":[{"href":"https:\/\/www.smartmariage.com\/en\/wp-json\/wp\/v2\/media?parent=3465"}],"curies":[{"name":"wp","href":"https:\/\/api.w.org\/{rel}","templated":true}]}}