{"id":376,"date":"2017-01-22T15:34:01","date_gmt":"2017-01-22T15:34:01","guid":{"rendered":"http:\/\/wedding-planner.freevision.me\/?page_id=376"},"modified":"2025-06-18T14:53:23","modified_gmt":"2025-06-18T12:53:23","slug":"wedding-planner-sophie-paris","status":"publish","type":"page","link":"https:\/\/www.smartmariage.com\/en\/about\/wedding-planner-sophie-paris\/","title":{"rendered":"Wedding planner Sophie Paris"},"content":{"rendered":"<div class=\"wpb-content-wrapper\"><div data-vc-full-width=\"true\" data-vc-full-width-init=\"false\" class=\"vc_row wpb_row vc_row-fluid vc_custom_1746641521476 vc_row-has-fill vc_column-gap-0 vc_row-o-full-height vc_row-o-columns-middle vc_row-flex has-kenburns\"><div class=\"smoothslides\" id=\"orkbrns-667114\"><\/div><div class=\"wpb_column vc_column_container vc_col-sm-8 occ-278324\"><div class=\"vc_column-inner\"><div class=\"wpb_wrapper\"><div class=\"vc_row wpb_row vc_inner vc_row-fluid vc_row-o-content-middle vc_row-flex\"><div class=\"wpb_column vc_column_container vc_col-sm-6\"><div class=\"vc_column-inner\"><div class=\"wpb_wrapper\"><\/div><\/div><\/div><\/div><\/div><\/div><\/div><div class=\"wpb_column vc_column_container vc_col-sm-4 occ-277876\"><div class=\"vc_column-inner\"><div class=\"wpb_wrapper\"><\/div><\/div><\/div><\/div><div class=\"vc_row-full-width vc_clearfix\"><\/div><div class=\"vc_row wpb_row vc_row-fluid vc_custom_1485103070646 vc_column-gap-0\"><div class=\"wpb_column vc_column_container vc_col-sm-6 occ-314529\"><div class=\"vc_column-inner\"><div class=\"wpb_wrapper\">\n\t<div  class=\"wpb_single_image wpb_content_element vc_align_left wpb_content_element\">\n\t\t<h2 class=\"wpb_heading wpb_singleimage_heading\">Wedding planner Sophie Paris<\/h2>\n\t\t<figure class=\"wpb_wrapper vc_figure\">\n\t\t\t<div class=\"vc_single_image-wrapper   vc_box_border_grey\"><img decoding=\"async\" width=\"600\" height=\"681\" src=\"https:\/\/www.smartmariage.com\/wp-content\/uploads\/2025\/05\/photo-pro-Sophie.png\" class=\"vc_single_image-img attachment-full\" alt=\"\" title=\"photo pro Sophie\" srcset=\"https:\/\/www.smartmariage.com\/wp-content\/uploads\/2025\/05\/photo-pro-Sophie.png 600w, https:\/\/www.smartmariage.com\/wp-content\/uploads\/2025\/05\/photo-pro-Sophie-264x300.png 264w\" sizes=\"(max-width: 600px) 100vw, 600px\"><\/div>\n\t\t<\/figure>\n\t<\/div>\n<\/div><\/div><\/div><div class=\"wpb_column vc_column_container vc_col-sm-6 occ-559513\"><div class=\"vc_column-inner\"><div class=\"wpb_wrapper\">\n\t<div class=\"wpb_text_column wpb_content_element\" >\n\t\t<div class=\"wpb_wrapper\">\n\t\t\t<h1 data-start=\"186\" data-end=\"667\"><strong data-start=\"152\" data-end=\"179\">Wedding planner Sophie Paris<\/strong><\/h1>\n<h1 data-start=\"186\" data-end=\"667\"><strong style=\"font-size: 16px;\" data-start=\"152\" data-end=\"179\">Wedding planner \u00e0 Paris<\/strong><span style=\"font-size: 16px;\">, Sophie est issue d\u2019un parcours riche et exigeant dans le commerce et l\u2019h\u00f4tellerie de luxe, des univers o\u00f9 le raffinement, le sens du d\u00e9tail et l\u2019excellence du service ne sont pas de simples ambitions, mais de v\u00e9ritables normes. Tout au long de plusieurs ann\u00e9es d\u2019exp\u00e9rience, elle a su d\u00e9velopper une ma\u00eetrise impeccable pour r\u00e9pondre aux exigences les plus \u00e9lev\u00e9es avec professionnalisme, \u00e9l\u00e9gance et discr\u00e9tion.<\/span><\/h1>\n<p data-start=\"597\" data-end=\"1059\">Forte de ce parcours prestigieux, <strong data-start=\"631\" data-end=\"661\">la wedding planner \u00e0 Paris<\/strong> Sophie apporte aujourd\u2019hui ce m\u00eame perfectionnisme \u00e0 l\u2019organisation d\u2019\u00e9v\u00e9nements sur-mesure, qu\u2019elle con\u00e7oit avec une rigueur sans faille, une cr\u00e9ativit\u00e9 d\u00e9bordante et une passion sinc\u00e8re pour l\u2019art de recevoir. Chaque projet qu\u2019elle pilote est pens\u00e9 dans les moindres d\u00e9tails, afin d\u2019offrir une exp\u00e9rience unique et fluide, qui refl\u00e8te parfaitement la personnalit\u00e9 et les envies de ses clients.<\/p>\n<p data-start=\"1061\" data-end=\"1462\">En tant que wedding planner \u00e0 Paris, Sophie met un point d\u2019honneur \u00e0 allier savoir-faire haut de gamme et \u00e9coute attentive, pour accompagner les futurs mari\u00e9s dans la r\u00e9alisation de leur r\u00eave avec s\u00e9r\u00e9nit\u00e9. Son expertise dans le luxe et son sens aigu du service font d\u2019elle une partenaire pr\u00e9cieuse, capable de transformer chaque mariage en un moment d\u2019exception, empreint d\u2019\u00e9motion et d\u2019\u00e9l\u00e9gance.<\/p>\n<p data-start=\"116\" data-end=\"490\"><strong data-start=\"116\" data-end=\"148\">Wedding planner Sophie Paris<\/strong>, habitu\u00e9e \u00e0 g\u00e9rer des situations complexes et des impr\u00e9vus de derni\u00e8re minute dans des \u00e9tablissements haut de gamme, a d\u00e9velopp\u00e9 une capacit\u00e9 remarquable \u00e0 garder son sang-froid, m\u00eame sous pression. Cette expertise unique permet \u00e0 <strong data-start=\"380\" data-end=\"415\">la wedding planner Sophie Paris<\/strong> d\u2019aborder chaque mariage avec une s\u00e9r\u00e9nit\u00e9 et une r\u00e9activit\u00e9 pr\u00e9cieuses.<\/p>\n<p data-start=\"492\" data-end=\"884\">Gr\u00e2ce \u00e0 son professionnalisme, <strong data-start=\"523\" data-end=\"533\">Sophie<\/strong>, votre wedding planner \u00e0 Paris, sait anticiper, rassurer et ajuster discr\u00e8tement, sans jamais perdre de vue l\u2019objectif : offrir aux mari\u00e9s une journ\u00e9e fluide, sans stress, o\u00f9 chaque d\u00e9tail est parfaitement ma\u00eetris\u00e9. Son sens de l\u2019anticipation, sa diplomatie naturelle et son calme communicatif font d\u2019elle un v\u00e9ritable pilier dans les moments cl\u00e9s.<\/p>\n<p data-start=\"886\" data-end=\"1267\">Elle intervient toujours avec justesse, sans s\u2019imposer, mais en gardant une vue d\u2019ensemble sur l\u2019\u00e9v\u00e9nement, pour garantir un d\u00e9roul\u00e9 fluide, une \u00e9quipe soud\u00e9e, et des mari\u00e9s d\u00e9tendus.<\/p>\n<p data-start=\"886\" data-end=\"1267\">Confier votre mariage \u00e0 Sophie, c\u2019est avoir la certitude d\u2019\u00eatre accompagn\u00e9s par une professionnelle de confiance, aussi discr\u00e8te qu\u2019efficace, pour qui l\u2019excellence et la bienveillance vont de pair.<\/p>\n<p data-start=\"99\" data-end=\"760\">Mais au-del\u00e0 de ses comp\u00e9tences professionnelles, <strong data-start=\"149\" data-end=\"206\">Sophie porte en elle une v\u00e9ritable culture du mariage<\/strong>, un h\u00e9ritage intime qui d\u00e9passe largement l\u2019organisation d\u2019un simple \u00e9v\u00e9nement. Enfant, elle a grandi dans un environnement o\u00f9 les mariages \u00e9taient bien plus que de simples f\u00eates : ils repr\u00e9sentaient des rituels symboliques profonds, des moments sacr\u00e9s de rassemblement familial, des ponts entre g\u00e9n\u00e9rations et traditions ancestrales. Ces instants marqu\u00e9s par l\u2019\u00e9motion, la musique, les rires partag\u00e9s et les c\u00e9r\u00e9monies authentiques ont grav\u00e9 en elle une compr\u00e9hension intime et respectueuse de la port\u00e9e humaine et spirituelle que rev\u00eat chaque union.<\/p>\n<p data-start=\"762\" data-end=\"1326\">Au fil des ann\u00e9es, ces souvenirs forts ont nourri sa sensibilit\u00e9, faisant de wedding planner Sophie Paris une professionnelle non seulement rigoureuse mais aussi profond\u00e9ment empathique. C\u2019est cette richesse personnelle et cette connexion \u00e9motionnelle qui alimentent aujourd\u2019hui son regard \u00e0 la fois d\u00e9licat et respectueux envers chaque couple qu\u2019elle accompagne dans leur projet. Pour wedding planner Sophie Paris, chaque mariage est une histoire unique, un voyage humain qu\u2019elle s\u2019engage \u00e0 sublimer avec authenticit\u00e9 et bienveillance, en tenant compte des valeurs, des \u00e9motions et des r\u00eaves de ses clients.<\/p>\n<p>Wedding planner Sophie Paris, forte de son exp\u00e9rience et de son exigence h\u00e9rit\u00e9e de l\u2019h\u00f4tellerie de luxe, met aujourd\u2019hui tout son savoir-faire au service des amoureux en qu\u00eate d\u2019un mariage \u00e0 leur image. Chaque projet est, pour la wedding planner Sophie Paris, une nouvelle histoire \u00e0 sublimer avec authenticit\u00e9, sensibilit\u00e9 et d\u00e9licatesse. Elle con\u00e7oit des c\u00e9r\u00e9monies \u00e9l\u00e9gantes, sinc\u00e8res et inoubliables, o\u00f9 l\u2019\u00e9motion est au c\u0153ur de chaque moment. Gr\u00e2ce \u00e0 son sens du d\u00e9tail, sa ma\u00eetrise du terrain et sa sensibilit\u00e9 artistique, <strong data-start=\"652\" data-end=\"662\" data-is-only-node=\"\">Sophie<\/strong>, votre wedding planner \u00e0 Paris, cr\u00e9e des \u00e9v\u00e9nements qui laissent une empreinte durable dans le c\u0153ur de ses clients.<\/p>\n<p><br style=\"font-weight: 400;\" \/><br style=\"font-weight: 400;\" \/><\/p>\n\n\t\t<\/div>\n\t<\/div>\n\n<div id=\"ofd-50090\" class=\"ozy-floral-divider style_1 align-center\">\n<svg viewbox=\"0 0 360.62 37.92\"><use xlink:href=\"https:\/\/www.smartmariage.com\/wp-content\/plugins\/ozy-wedding-planner-essentials\/images\/floral_divider.svg#floral_divider\"><\/use><\/svg><\/div><\/div><\/div><\/div><\/div><div class=\"vc_row wpb_row vc_row-fluid vc_column-gap-0\"><div class=\"wpb_column vc_column_container vc_col-sm-12 occ-956287\"><div class=\"vc_column-inner\"><div class=\"wpb_wrapper\"><div class=\"vc_empty_space\"   style=\"height: 32px\"><span class=\"vc_empty_space_inner\"><\/span><\/div><\/div><\/div><\/div><\/div>\n<\/div>","protected":false},"excerpt":{"rendered":"Wedding planner Sophie Paris Wedding planner Sophie Paris Wedding planner \u00e0 Paris, Sophie est issue d\u2019un parcours riche et exigeant dans le commerce et l\u2019h\u00f4tellerie de luxe, des univers o\u00f9 [...]","protected":false},"author":1,"featured_media":0,"parent":296,"menu_order":0,"comment_status":"closed","ping_status":"closed","template":"","meta":{"footnotes":""},"class_list":["post-376","page","type-page","status-publish","hentry"],"_links":{"self":[{"href":"https:\/\/www.smartmariage.com\/en\/wp-json\/wp\/v2\/pages\/376","targetHints":{"allow":["GET"]}}],"collection":[{"href":"https:\/\/www.smartmariage.com\/en\/wp-json\/wp\/v2\/pages"}],"about":[{"href":"https:\/\/www.smartmariage.com\/en\/wp-json\/wp\/v2\/types\/page"}],"author":[{"embeddable":true,"href":"https:\/\/www.smartmariage.com\/en\/wp-json\/wp\/v2\/users\/1"}],"replies":[{"embeddable":true,"href":"https:\/\/www.smartmariage.com\/en\/wp-json\/wp\/v2\/comments?post=376"}],"version-history":[{"count":16,"href":"https:\/\/www.smartmariage.com\/en\/wp-json\/wp\/v2\/pages\/376\/revisions"}],"predecessor-version":[{"id":3788,"href":"https:\/\/www.smartmariage.com\/en\/wp-json\/wp\/v2\/pages\/376\/revisions\/3788"}],"up":[{"embeddable":true,"href":"https:\/\/www.smartmariage.com\/en\/wp-json\/wp\/v2\/pages\/296"}],"wp:attachment":[{"href":"https:\/\/www.smartmariage.com\/en\/wp-json\/wp\/v2\/media?parent=376"}],"curies":[{"name":"wp","href":"https:\/\/api.w.org\/{rel}","templated":true}]}}