{"id":530,"date":"2017-01-23T20:02:11","date_gmt":"2017-01-23T20:02:11","guid":{"rendered":"http:\/\/wedding-planner.freevision.me\/?page_id=530"},"modified":"2025-07-07T15:54:44","modified_gmt":"2025-07-07T13:54:44","slug":"organisation-complete","status":"publish","type":"page","link":"https:\/\/www.smartmariage.com\/en\/services\/organisation-complete\/","title":{"rendered":"Organisation Compl\u00e8te"},"content":{"rendered":"<div class=\"wpb-content-wrapper\"><div data-vc-full-width=\"true\" data-vc-full-width-init=\"false\" data-vc-stretch-content=\"true\" class=\"vc_row wpb_row vc_row-fluid vc_custom_1485197870743 vc_column-gap-0\"><div class=\"wpb_column vc_column_container vc_col-sm-8 occ-732606\"><div class=\"vc_column-inner\"><div class=\"wpb_wrapper\"><h3 class=\"ozy-divider-cap-left wpb_content_element\"  style=\"color:#c09e6f\" >Formule S\u00e9r\u00e9nit\u00e9<\/h3><div class=\"ozy-content-divider\" style=\"border-top-style:solid;border-top-width:2px;border-top-color:#c09e6f!important;width:40px;max-width:40px;left:0;\"><\/div>\n\t<div class=\"wpb_text_column wpb_content_element vc_custom_1746448455817\" >\n\t\t<div class=\"wpb_wrapper\">\n\t\t\t<p><span class=\"OYPEnA font-feature-liga-off font-feature-clig-off font-feature-calt-off text-decoration-none text-strikethrough-none\">SUIVI SUR 10 MOIS <\/span><span class=\"OYPEnA font-feature-liga-off font-feature-clig-off font-feature-calt-off text-decoration-none text-strikethrough-none\">+ PR\u00c9SENCE LE JOUR J (\u00c9tapes 1 \u00e0 7)\u00a0<\/span><\/p>\n<p class=\"\" data-start=\"337\" data-end=\"564\">Vous r\u00eavez d\u2019un mariage parfaitement orchestr\u00e9, o\u00f9 chaque d\u00e9tail est pens\u00e9, anticip\u00e9 et pris en charge ? Avec notre accompagnement complet de A \u00e0 Z, vous profitez pleinement de chaque \u00e9tape, sans le stress de la logistique.<\/p>\n\n\t\t<\/div>\n\t<\/div>\n\n<div id=\"ocl-2391\" class=\"ozy-custom-list wpb_content_element\">\n<\/p>\n<ul>\n<li><i class=\"oic-heart-2\"><\/i><em><strong data-start=\"624\" data-end=\"669\">De la premi\u00e8re id\u00e9e \u00e0 la signature finale<\/strong><\/em><\/li>\n<\/ul>\n<p>Nous partons de z\u00e9ro, avec vous : vos envies, votre budget, vos priorit\u00e9s. Puis nous construisons un projet sur mesure, coh\u00e9rent et fluide, du lieu au choix du faire-part, jusqu\u2019\u00e0 l\u2019ambiance musicale du brunch.<\/p>\n<p>&nbsp;<\/p>\n<ul>\n<li><i class=\"oic-heart-2\"><\/i><em><strong data-start=\"887\" data-end=\"947\">Recherche, s\u00e9lection et gestion de tous les prestataires<\/strong><\/em><\/li>\n<\/ul>\n<p>Lieu, traiteur, DJ, photographe, fleuriste, officiant, papeterie, h\u00e9bergements\u2026 Nous constituons une \u00e9quipe de professionnels fiables et adapt\u00e9s \u00e0 votre style et vos besoins.<\/p>\n<p>&nbsp;<\/p>\n<ul>\n<li><i class=\"oic-heart-2\"><\/i><em><strong data-start=\"1130\" data-end=\"1174\">Conseil artistique &amp; d\u00e9coration compl\u00e8te<\/strong><\/em><\/li>\n<\/ul>\n<p>Moodboard, ambiance visuelle, gestion des couleurs et des mati\u00e8res : nous vous accompagnons pour cr\u00e9er un univers qui vous ressemble, jusqu\u2019\u00e0 la mise en place finale.<\/p>\n<p>&nbsp;<\/p>\n<ul>\n<li><i class=\"oic-heart-2\"><\/i><em><strong data-start=\"1348\" data-end=\"1405\">Suivi du budget, r\u00e9troplanning, documents centralis\u00e9s<\/strong><\/em><\/li>\n<\/ul>\n<p class=\"\" data-start=\"1345\" data-end=\"1526\">Vous avez acc\u00e8s \u00e0 un tableau clair et actualis\u00e9 \u00e0 chaque \u00e9tape. Nous g\u00e9rons les devis, contrats et relances pour vous.<\/p>\n<p><\/div><\/div><\/div><\/div><div class=\"wpb_column vc_column_container vc_col-sm-4 occ-444070\"><div class=\"vc_column-inner\"><div class=\"wpb_wrapper\">\n\t<div  class=\"wpb_single_image wpb_content_element vc_align_center wpb_content_element\">\n\t\t\n\t\t<figure class=\"wpb_wrapper vc_figure\">\n\t\t\t<div class=\"vc_single_image-wrapper   vc_box_border_grey\"><img decoding=\"async\" width=\"683\" height=\"1024\" src=\"https:\/\/www.smartmariage.com\/wp-content\/uploads\/2025\/05\/2024_06_22_mariage_Prescillia_Florent_ed-322-683x1024.jpg\" class=\"vc_single_image-img attachment-large\" alt=\"bouquet de mari\u00e9e\" title=\"Prescillia &amp; Florent\" srcset=\"https:\/\/www.smartmariage.com\/wp-content\/uploads\/2025\/05\/2024_06_22_mariage_Prescillia_Florent_ed-322-683x1024.jpg 683w, https:\/\/www.smartmariage.com\/wp-content\/uploads\/2025\/05\/2024_06_22_mariage_Prescillia_Florent_ed-322-200x300.jpg 200w, https:\/\/www.smartmariage.com\/wp-content\/uploads\/2025\/05\/2024_06_22_mariage_Prescillia_Florent_ed-322-768x1152.jpg 768w, https:\/\/www.smartmariage.com\/wp-content\/uploads\/2025\/05\/2024_06_22_mariage_Prescillia_Florent_ed-322-1024x1536.jpg 1024w, https:\/\/www.smartmariage.com\/wp-content\/uploads\/2025\/05\/2024_06_22_mariage_Prescillia_Florent_ed-322.jpg 1067w\" sizes=\"(max-width: 683px) 100vw, 683px\" \/><\/div>\n\t\t<\/figure>\n\t<\/div>\n<\/div><\/div><\/div><\/div><div class=\"vc_row-full-width vc_clearfix\"><\/div><div class=\"vc_row wpb_row vc_row-fluid vc_column-gap-0\"><div class=\"wpb_column vc_column_container vc_col-sm-12 occ-20922\"><div class=\"vc_column-inner\"><div class=\"wpb_wrapper\">\n\t<div class=\"wpb_text_column wpb_content_element vc_custom_1746448692060\" >\n\t\t<div class=\"wpb_wrapper\">\n\t\t\t<p>Vous \u00eates accompagn\u00e9s de bout en bout, avec \u00e9coute, m\u00e9thode et bienveillance. Chaque d\u00e9tail est pris en main, chaque moment est fluide \u2014 vous n\u2019avez qu\u2019\u00e0 savourer.<\/p>\n\n\t\t<\/div>\n\t<\/div>\n<div class=\"vc_empty_space\"   style=\"height: 32px\"><span class=\"vc_empty_space_inner\"><\/span><\/div><div class=\"wpb_gallery wpb_content_element vc_clearfix wpb_content_element\" ><div class=\"wpb_wrapper\"><div class=\"wpb_gallery_slides wpb_flexslider flexslider_fade flexslider\" data-interval=\"3\" data-flex_fx=\"fade\"><ul class=\"slides\"><li><a class=\"\" href=\"https:\/\/www.smartmariage.com\/wp-content\/uploads\/2025\/05\/MaudampMaxime-56-683x1024.jpg\" data-lightbox=\"lightbox[rel-530-1736560418]\"><img decoding=\"async\" width=\"150\" height=\"150\" src=\"https:\/\/www.smartmariage.com\/wp-content\/uploads\/2025\/05\/MaudampMaxime-56-150x150.jpg\" class=\"attachment-thumbnail\" alt=\"\" title=\"Maud&amp;Maxime-56\" srcset=\"https:\/\/www.smartmariage.com\/wp-content\/uploads\/2025\/05\/MaudampMaxime-56-150x150.jpg 150w, https:\/\/www.smartmariage.com\/wp-content\/uploads\/2025\/05\/MaudampMaxime-56-720x720.jpg 720w\" sizes=\"(max-width: 150px) 100vw, 150px\"><\/a><\/li><li><a class=\"\" href=\"https:\/\/www.smartmariage.com\/wp-content\/uploads\/2025\/05\/IMG_4465-683x1024.jpg\" data-lightbox=\"lightbox[rel-530-1736560418]\"><img decoding=\"async\" width=\"150\" height=\"150\" src=\"https:\/\/www.smartmariage.com\/wp-content\/uploads\/2025\/05\/IMG_4465-150x150.jpg\" class=\"attachment-thumbnail\" alt=\"\" title=\"Elodie &amp; Gauthier\" srcset=\"https:\/\/www.smartmariage.com\/wp-content\/uploads\/2025\/05\/IMG_4465-150x150.jpg 150w, https:\/\/www.smartmariage.com\/wp-content\/uploads\/2025\/05\/IMG_4465-720x720.jpg 720w\" sizes=\"(max-width: 150px) 100vw, 150px\"><\/a><\/li><li><a class=\"\" href=\"https:\/\/www.smartmariage.com\/wp-content\/uploads\/2025\/05\/CandreMelissa-Preparatifs-HD-101-1-1-684x1024.jpg\" data-lightbox=\"lightbox[rel-530-1736560418]\"><img decoding=\"async\" width=\"150\" height=\"150\" src=\"https:\/\/www.smartmariage.com\/wp-content\/uploads\/2025\/05\/CandreMelissa-Preparatifs-HD-101-1-1-150x150.jpg\" class=\"attachment-thumbnail\" alt=\"\" title=\"Candr\u00e9&amp;M\u00e9lissa-Pr\u00e9paratifs-HD-101 (1)\" srcset=\"https:\/\/www.smartmariage.com\/wp-content\/uploads\/2025\/05\/CandreMelissa-Preparatifs-HD-101-1-1-150x150.jpg 150w, https:\/\/www.smartmariage.com\/wp-content\/uploads\/2025\/05\/CandreMelissa-Preparatifs-HD-101-1-1-720x720.jpg 720w\" sizes=\"(max-width: 150px) 100vw, 150px\"><\/a><\/li><\/ul><\/div><\/div><\/div><h1 style=\"color: #c09e6f;text-align: center;font-family:Lovers Quarrel;font-weight:300;font-style:\" class=\"vc_custom_heading vc_do_custom_heading\" >Deux wedding planner \u00e0 vos c\u00f4t\u00e9s !<\/h1>\n<div id=\"ofd-56809\" class=\"ozy-floral-divider ornament_5 align-center\">\n<svg viewbox=\"0 0 255.12 23.4\"><use xlink:href=\"https:\/\/www.smartmariage.com\/wp-content\/plugins\/ozy-wedding-planner-essentials\/images\/ornament_divider5.svg#ornament_divider5\"><\/use><\/svg><\/div><div class=\"vc_empty_space\"   style=\"height: 32px\"><span class=\"vc_empty_space_inner\"><\/span><\/div><\/div><\/div><\/div><\/div><div class=\"vc_row wpb_row vc_row-fluid vc_column-gap-0\"><div class=\"wpb_column vc_column_container vc_col-sm-12 occ-598270\"><div class=\"vc_column-inner\"><div class=\"wpb_wrapper\"><\/div><\/div><\/div><\/div>\n<\/div>","protected":false},"excerpt":{"rendered":"Formule S\u00e9r\u00e9nit\u00e9 SUIVI SUR 10 MOIS + PR\u00c9SENCE LE JOUR J (\u00c9tapes 1 \u00e0 7)\u00a0 Vous r\u00eavez d\u2019un mariage parfaitement orchestr\u00e9, o\u00f9 chaque d\u00e9tail est pens\u00e9, anticip\u00e9 et pris en [...]","protected":false},"author":1,"featured_media":0,"parent":476,"menu_order":0,"comment_status":"closed","ping_status":"closed","template":"","meta":{"footnotes":""},"class_list":["post-530","page","type-page","status-publish","hentry"],"_links":{"self":[{"href":"https:\/\/www.smartmariage.com\/en\/wp-json\/wp\/v2\/pages\/530","targetHints":{"allow":["GET"]}}],"collection":[{"href":"https:\/\/www.smartmariage.com\/en\/wp-json\/wp\/v2\/pages"}],"about":[{"href":"https:\/\/www.smartmariage.com\/en\/wp-json\/wp\/v2\/types\/page"}],"author":[{"embeddable":true,"href":"https:\/\/www.smartmariage.com\/en\/wp-json\/wp\/v2\/users\/1"}],"replies":[{"embeddable":true,"href":"https:\/\/www.smartmariage.com\/en\/wp-json\/wp\/v2\/comments?post=530"}],"version-history":[{"count":3,"href":"https:\/\/www.smartmariage.com\/en\/wp-json\/wp\/v2\/pages\/530\/revisions"}],"predecessor-version":[{"id":3920,"href":"https:\/\/www.smartmariage.com\/en\/wp-json\/wp\/v2\/pages\/530\/revisions\/3920"}],"up":[{"embeddable":true,"href":"https:\/\/www.smartmariage.com\/en\/wp-json\/wp\/v2\/pages\/476"}],"wp:attachment":[{"href":"https:\/\/www.smartmariage.com\/en\/wp-json\/wp\/v2\/media?parent=530"}],"curies":[{"name":"wp","href":"https:\/\/api.w.org\/{rel}","templated":true}]}}