{"id":556,"date":"2017-01-23T20:55:27","date_gmt":"2017-01-23T20:55:27","guid":{"rendered":"http:\/\/wedding-planner.freevision.me\/?page_id=556"},"modified":"2025-07-04T12:41:58","modified_gmt":"2025-07-04T10:41:58","slug":"entertainment-options","status":"publish","type":"page","link":"https:\/\/www.smartmariage.com\/en\/services\/entertainment-options\/","title":{"rendered":"RDV Conseils &#8211; Coaching"},"content":{"rendered":"<div class=\"wpb-content-wrapper\"><div data-vc-full-width=\"true\" data-vc-full-width-init=\"false\" data-vc-stretch-content=\"true\" class=\"vc_row wpb_row vc_row-fluid vc_custom_1485197870743 vc_column-gap-0\"><div class=\"wpb_column vc_column_container vc_col-sm-8 occ-955191\"><div class=\"vc_column-inner\"><div class=\"wpb_wrapper\"><h3 class=\"ozy-divider-cap-left wpb_content_element\"  style=\"color:#c09e6f\" >Formule Coaching<\/h3><div class=\"ozy-content-divider\" style=\"border-top-style:solid;border-top-width:2px;border-top-color:#c09e6f!important;width:40px;max-width:40px;left:0;\"><\/div>\n\t<div class=\"wpb_text_column wpb_content_element vc_custom_1746448891151\" >\n\t\t<div class=\"wpb_wrapper\">\n\t\t\t<p><span class=\"OYPEnA font-feature-liga-off font-feature-clig-off font-feature-calt-off text-decoration-none text-strikethrough-none\">3H &#8211; POSSIBILIT\u00c9 EN VISIO\u00a0<\/span><\/p>\n<p>Vous organisez votre mariage vous-m\u00eame mais vous vous sentez un peu perdu(e) ? Vous avez besoin d\u2019un coup de pouce pour structurer vos id\u00e9es, valider vos choix ou \u00e9viter les pi\u00e8ges ? Cette demi-journ\u00e9e d\u2019accompagnement est faite pour vous.<\/p>\n\n\t\t<\/div>\n\t<\/div>\n\n<div id=\"ocl-42761\" class=\"ozy-custom-list wpb_content_element\">\n<\/p>\n<ul>\n<li><i class=\"oic-heart-2\"><\/i><em><strong data-start=\"544\" data-end=\"575\">Analyse de votre avancement<\/strong><\/em><\/li>\n<\/ul>\n<p>O\u00f9 en \u00eates-vous ? Qu\u2019est-ce qu\u2019il vous reste \u00e0 faire ? Qu\u2019avez-vous peut-\u00eatre oubli\u00e9 ? On fait le point ensemble de mani\u00e8re bienveillante et structur\u00e9e.<\/p>\n<p>&nbsp;<\/p>\n<ul>\n<li><i class=\"oic-heart-2\"><\/i><em><strong data-start=\"735\" data-end=\"782\">\u00c9laboration ou ajustement de votre planning<\/strong><\/em><\/li>\n<\/ul>\n<p>Nous vous aidons \u00e0 cr\u00e9er (ou r\u00e9organiser) un r\u00e9troplanning r\u00e9aliste, en fonction de votre date, vos disponibilit\u00e9s, et vos priorit\u00e9s.<\/p>\n<p>&nbsp;<\/p>\n<ul>\n<li><i class=\"oic-heart-2\"><\/i><em><strong data-start=\"923\" data-end=\"956\">Conseils budg\u00e9taires concret<\/strong><\/em><\/li>\n<\/ul>\n<p>On passe en revue votre budget, on identifie les postes cl\u00e9s, les \u00e9conomies possibles, et on vous donne des astuces pour optimiser vos choix.<\/p>\n<p>&nbsp;<\/p>\n<ul>\n<li><i class=\"oic-heart-2\"><\/i><em><strong data-start=\"923\" data-end=\"956\">R\u00e9ponses \u00e0 toutes vos questions<\/strong><\/em><\/li>\n<\/ul>\n<p>Prestataires, d\u00e9coration, logistique, invit\u00e9s, m\u00e9t\u00e9o, c\u00e9r\u00e9monies : vous repartez avec des r\u00e9ponses pr\u00e9cises, des outils et une vision plus claire.<\/p>\n<p>&nbsp;<\/p>\n<ul>\n<li><i class=\"oic-heart-2\"><\/i><em><strong data-start=\"1294\" data-end=\"1339\">Booster votre cr\u00e9ativit\u00e9 &amp; votre s\u00e9r\u00e9nit\u00e9<\/strong><\/em><\/li>\n<\/ul>\n<p>Vous repartez rassur\u00e9(e), inspir\u00e9(e), remotiv\u00e9(e) pour la suite de l\u2019organisation.<\/div><\/div><\/div><\/div><div class=\"wpb_column vc_column_container vc_col-sm-4 occ-502170\"><div class=\"vc_column-inner\"><div class=\"wpb_wrapper\">\n\t<div  class=\"wpb_single_image wpb_content_element vc_align_center wpb_content_element\">\n\t\t\n\t\t<figure class=\"wpb_wrapper vc_figure\">\n\t\t\t<div class=\"vc_single_image-wrapper   vc_box_border_grey\"><img decoding=\"async\" width=\"1146\" height=\"1720\" src=\"https:\/\/www.smartmariage.com\/wp-content\/uploads\/2017\/01\/6N2A9941-161.jpg\" class=\"vc_single_image-img attachment-full\" alt=\"Robe de mari\u00e9e pour mariage civil\" title=\"6N2A9941-161\" srcset=\"https:\/\/www.smartmariage.com\/wp-content\/uploads\/2017\/01\/6N2A9941-161.jpg 1146w, https:\/\/www.smartmariage.com\/wp-content\/uploads\/2017\/01\/6N2A9941-161-200x300.jpg 200w, https:\/\/www.smartmariage.com\/wp-content\/uploads\/2017\/01\/6N2A9941-161-768x1153.jpg 768w, https:\/\/www.smartmariage.com\/wp-content\/uploads\/2017\/01\/6N2A9941-161-682x1024.jpg 682w, https:\/\/www.smartmariage.com\/wp-content\/uploads\/2017\/01\/6N2A9941-161-1023x1536.jpg 1023w, https:\/\/www.smartmariage.com\/wp-content\/uploads\/2017\/01\/6N2A9941-161-1144x1717.jpg 1144w\" sizes=\"(max-width: 1146px) 100vw, 1146px\" \/><\/div>\n\t\t<\/figure>\n\t<\/div>\n<\/div><\/div><\/div><\/div><div class=\"vc_row-full-width vc_clearfix\"><\/div><div class=\"vc_row wpb_row vc_row-fluid vc_column-gap-0\"><div class=\"wpb_column vc_column_container vc_col-sm-12 occ-282611\"><div class=\"vc_column-inner\"><div class=\"wpb_wrapper\">\n\t<div class=\"wpb_text_column wpb_content_element vc_custom_1746732506234\" >\n\t\t<div class=\"wpb_wrapper\">\n\t\t\t<p class=\"\" data-start=\"1431\" data-end=\"1702\">Cette s\u00e9ance peut se d\u00e9rouler en pr\u00e9sentiel ou \u00e0 distance, selon vos disponibilit\u00e9s.<br data-start=\"1519\" data-end=\"1522\" \/>Une formule id\u00e9ale si vous souhaitez garder la main sur votre mariage, tout en b\u00e9n\u00e9ficiant de l\u2019expertise d\u2019une professionnelle pour \u00e9viter les erreurs et gagner en efficacit\u00e9.<\/p>\n\n\t\t<\/div>\n\t<\/div>\n<div class=\"vc_empty_space\"   style=\"height: 32px\"><span class=\"vc_empty_space_inner\"><\/span><\/div><div class=\"wpb_gallery wpb_content_element vc_clearfix wpb_content_element\" ><div class=\"wpb_wrapper\"><div class=\"wpb_gallery_slides wpb_flexslider flexslider_fade flexslider\" data-interval=\"3\" data-flex_fx=\"fade\"><ul class=\"slides\"><li><a class=\"\" href=\"https:\/\/www.smartmariage.com\/wp-content\/uploads\/2025\/05\/www.AMOS-PROD.com-Eva-David-Preparatifs-50-683x1024.jpg\" data-lightbox=\"lightbox[rel-556-4099886375]\"><img decoding=\"async\" width=\"150\" height=\"150\" src=\"https:\/\/www.smartmariage.com\/wp-content\/uploads\/2025\/05\/www.AMOS-PROD.com-Eva-David-Preparatifs-50-150x150.jpg\" class=\"attachment-thumbnail\" alt=\"\" title=\"www.AMOS-PROD.com- Eva &amp; David - Pr\u00e9paratifs-50\" srcset=\"https:\/\/www.smartmariage.com\/wp-content\/uploads\/2025\/05\/www.AMOS-PROD.com-Eva-David-Preparatifs-50-150x150.jpg 150w, https:\/\/www.smartmariage.com\/wp-content\/uploads\/2025\/05\/www.AMOS-PROD.com-Eva-David-Preparatifs-50-720x720.jpg 720w\" sizes=\"(max-width: 150px) 100vw, 150px\"><\/a><\/li><li><a class=\"\" href=\"https:\/\/www.smartmariage.com\/wp-content\/uploads\/2025\/05\/MOONRIVERPROD-VictoirePaul-0141-682x1024.jpg\" data-lightbox=\"lightbox[rel-556-4099886375]\"><img decoding=\"async\" width=\"150\" height=\"150\" src=\"https:\/\/www.smartmariage.com\/wp-content\/uploads\/2025\/05\/MOONRIVERPROD-VictoirePaul-0141-150x150.jpg\" class=\"attachment-thumbnail\" alt=\"\" title=\"MOONRIVERPROD-VictoirePaul-0141\" srcset=\"https:\/\/www.smartmariage.com\/wp-content\/uploads\/2025\/05\/MOONRIVERPROD-VictoirePaul-0141-150x150.jpg 150w, https:\/\/www.smartmariage.com\/wp-content\/uploads\/2025\/05\/MOONRIVERPROD-VictoirePaul-0141-720x720.jpg 720w\" sizes=\"(max-width: 150px) 100vw, 150px\"><\/a><\/li><li><a class=\"\" href=\"https:\/\/www.smartmariage.com\/wp-content\/uploads\/2025\/06\/A4_5248-1024x683.avif\" data-lightbox=\"lightbox[rel-556-4099886375]\"><img decoding=\"async\" width=\"150\" height=\"150\" src=\"https:\/\/www.smartmariage.com\/wp-content\/uploads\/2025\/06\/A4_5248-150x150.avif\" class=\"attachment-thumbnail not-transparent\" alt=\"formule coaching\" title=\"_A4_5248\" srcset=\"https:\/\/www.smartmariage.com\/wp-content\/uploads\/2025\/06\/A4_5248-150x150.avif 150w, https:\/\/www.smartmariage.com\/wp-content\/uploads\/2025\/06\/A4_5248-720x720.avif 720w\" sizes=\"(max-width: 150px) 100vw, 150px\" data-has-transparency=\"false\" data-dominant-color=\"cab9b3\" style=\"--dominant-color: #cab9b3;\" \/><\/a><\/li><\/ul><\/div><\/div><\/div>\n<div id=\"ofd-99975\" class=\"ozy-floral-divider ornament_5 align-center\">\n<svg viewbox=\"0 0 255.12 23.4\"><use xlink:href=\"https:\/\/www.smartmariage.com\/wp-content\/plugins\/ozy-wedding-planner-essentials\/images\/ornament_divider5.svg#ornament_divider5\"><\/use><\/svg><\/div><h1 style=\"color: #c09e6f;text-align: center;font-family:Lovers Quarrel;font-weight:300;font-style:\" class=\"vc_custom_heading vc_do_custom_heading\" >Deux wedding planner \u00e0 vos c\u00f4t\u00e9s !<\/h1><div class=\"vc_empty_space\"   style=\"height: 32px\"><span class=\"vc_empty_space_inner\"><\/span><\/div><\/div><\/div><\/div><\/div><div class=\"vc_row wpb_row vc_row-fluid vc_column-gap-0\"><div class=\"wpb_column vc_column_container vc_col-sm-12 occ-633187\"><div class=\"vc_column-inner\"><div class=\"wpb_wrapper\"><\/div><\/div><\/div><\/div>\n<\/div>","protected":false},"excerpt":{"rendered":"Formule Coaching 3H - POSSIBILIT\u00c9 EN VISIO\u00a0 Vous organisez votre mariage vous-m\u00eame mais vous vous sentez un peu perdu(e) ? Vous avez besoin d\u2019un coup de pouce pour structurer vos [...]","protected":false},"author":1,"featured_media":0,"parent":476,"menu_order":0,"comment_status":"closed","ping_status":"closed","template":"","meta":{"footnotes":""},"class_list":["post-556","page","type-page","status-publish","hentry"],"_links":{"self":[{"href":"https:\/\/www.smartmariage.com\/en\/wp-json\/wp\/v2\/pages\/556","targetHints":{"allow":["GET"]}}],"collection":[{"href":"https:\/\/www.smartmariage.com\/en\/wp-json\/wp\/v2\/pages"}],"about":[{"href":"https:\/\/www.smartmariage.com\/en\/wp-json\/wp\/v2\/types\/page"}],"author":[{"embeddable":true,"href":"https:\/\/www.smartmariage.com\/en\/wp-json\/wp\/v2\/users\/1"}],"replies":[{"embeddable":true,"href":"https:\/\/www.smartmariage.com\/en\/wp-json\/wp\/v2\/comments?post=556"}],"version-history":[{"count":1,"href":"https:\/\/www.smartmariage.com\/en\/wp-json\/wp\/v2\/pages\/556\/revisions"}],"predecessor-version":[{"id":3912,"href":"https:\/\/www.smartmariage.com\/en\/wp-json\/wp\/v2\/pages\/556\/revisions\/3912"}],"up":[{"embeddable":true,"href":"https:\/\/www.smartmariage.com\/en\/wp-json\/wp\/v2\/pages\/476"}],"wp:attachment":[{"href":"https:\/\/www.smartmariage.com\/en\/wp-json\/wp\/v2\/media?parent=556"}],"curies":[{"name":"wp","href":"https:\/\/api.w.org\/{rel}","templated":true}]}}