{"id":566,"date":"2017-01-23T21:20:13","date_gmt":"2017-01-23T21:20:13","guid":{"rendered":"http:\/\/wedding-planner.freevision.me\/?page_id=566"},"modified":"2025-05-08T21:46:12","modified_gmt":"2025-05-08T19:46:12","slug":"themed-weddings","status":"publish","type":"page","link":"https:\/\/www.smartmariage.com\/en\/services\/themed-weddings\/","title":{"rendered":"Coordination Jour J"},"content":{"rendered":"<div class=\"wpb-content-wrapper\"><div data-vc-full-width=\"true\" data-vc-full-width-init=\"false\" data-vc-stretch-content=\"true\" class=\"vc_row wpb_row vc_row-fluid vc_custom_1485197870743 vc_column-gap-0\"><div class=\"wpb_column vc_column_container vc_col-sm-8 occ-332002\"><div class=\"vc_column-inner\"><div class=\"wpb_wrapper\"><h3 class=\"ozy-divider-cap-left wpb_content_element\"  style=\"color:#c09e6f\" >Formule Harmonie<\/h3><div class=\"ozy-content-divider\" style=\"border-top-style:solid;border-top-width:2px;border-top-color:#c09e6f!important;width:40px;max-width:40px;left:0;\"><\/div>\n\t<div class=\"wpb_text_column wpb_content_element vc_custom_1746447806781\" >\n\t\t<div class=\"wpb_wrapper\">\n\t\t\t<p class=\"cvGsUA direction-ltr align-start para-style-body\"><span class=\"OYPEnA font-feature-liga-off font-feature-clig-off font-feature-calt-off text-decoration-none text-strikethrough-none\">SUIVI SUR 4 MOIS + PR\u00c9SENCE LE JOUR J (\u00c9tapes 6 &amp; 7) <\/span><\/p>\n<p><span class=\"OYPEnA font-feature-liga-off font-feature-clig-off font-feature-calt-off text-decoration-none text-strikethrough-none\">Gestion compl\u00e8te du jour J\u00a0<\/span><\/p>\n\n\t\t<\/div>\n\t<\/div>\n\n<div id=\"ocl-28577\" class=\"ozy-custom-list wpb_content_element\">\n<\/p>\n<ul>\n<li><i class=\"oic-heart-2\"><\/i><em><strong>Planning<\/strong><\/em><\/li>\n<\/ul>\n<p>Coordination du planning heure par heure<br data-start=\"647\" data-end=\"650\" \/>De la coiffure matinale \u00e0 l\u2019ouverture du bal, nous suivons un d\u00e9roul\u00e9 pr\u00e9cis et souple pour que tout se passe \u00e0 la minute\u2026 sans stress.<\/p>\n<p>&nbsp;<\/p>\n<ul>\n<li><i class=\"oic-heart-2\"><\/i><em><strong>Prestataires<\/strong><\/em><\/li>\n<\/ul>\n<p>Gestion des prestataires<br data-start=\"817\" data-end=\"820\" \/>Nous sommes vos interlocutrices uniques. Installation, livraisons, brief final : nous veillons \u00e0 ce que chaque professionnel respecte vos attentes et votre vision.<\/p>\n<p>&nbsp;<\/p>\n<ul>\n<li><i class=\"oic-heart-2\"><\/i><em><strong>Timing<\/strong><\/em><\/li>\n<\/ul>\n<p>Planning fluide et bien rythm\u00e9<\/p>\n<p>Un mariage r\u00e9ussi repose en grande partie sur un planning fluide et bien rythm\u00e9. Ni trop rigide, ni improvis\u00e9, le bon timing permet \u00e0 chaque moment de se d\u00e9rouler naturellement, tout en \u00e9vitant les retards, les temps morts ou le stress.<\/p>\n<p>&nbsp;<\/p>\n<ul>\n<li><i class=\"oic-heart-2\"><\/i><em><strong>D\u00e9coration<\/strong><\/em><\/li>\n<\/ul>\n<p>Suivi de la d\u00e9coration<br data-start=\"1013\" data-end=\"1016\" \/>Nous assurons la mise en place de la d\u00e9coration selon vos choix, pour que chaque espace refl\u00e8te votre univers, dans le moindre d\u00e9tail.<\/p>\n<p>&nbsp;<\/p>\n<ul>\n<li><i class=\"oic-heart-2\"><\/i><em><strong>Invit\u00e9s<\/strong><\/em><\/li>\n<\/ul>\n<p>Accueil et guidage des invit\u00e9s<br data-start=\"1188\" data-end=\"1191\" \/>Vos proches sont choy\u00e9s et accompagn\u00e9s \u00e0 chaque \u00e9tape, pour une journ\u00e9e fluide et chaleureuse.<\/p>\n<p>&nbsp;<\/p>\n<ul>\n<li><i class=\"oic-heart-2\"><\/i><em><strong>Impr\u00e9vus<\/strong><\/em><\/li>\n<\/ul>\n<p>Anticipation et gestion des impr\u00e9vus<br data-start=\"1329\" data-end=\"1332\" \/>Une m\u00e9t\u00e9o capricieuse ? Une robe qui demande un coup de main ? Un discours oubli\u00e9 ? Nous sommes l\u00e0, discr\u00e8tes mais r\u00e9actives, pour g\u00e9rer l\u2019invisible.<\/div><\/div><\/div><\/div><div class=\"wpb_column vc_column_container vc_col-sm-4 occ-53079\"><div class=\"vc_column-inner\"><div class=\"wpb_wrapper\">\n\t<div  class=\"wpb_single_image wpb_content_element vc_align_center wpb_content_element\">\n\t\t\n\t\t<figure class=\"wpb_wrapper vc_figure\">\n\t\t\t<div class=\"vc_single_image-wrapper   vc_box_border_grey\"><img decoding=\"async\" width=\"1067\" height=\"1600\" src=\"https:\/\/www.smartmariage.com\/wp-content\/uploads\/2025\/05\/2024_06_22_mariage_Prescillia_Florent_ed-905.jpg\" class=\"vc_single_image-img attachment-full\" alt=\"\" title=\"Prescillia &amp; Florent\" srcset=\"https:\/\/www.smartmariage.com\/wp-content\/uploads\/2025\/05\/2024_06_22_mariage_Prescillia_Florent_ed-905.jpg 1067w, https:\/\/www.smartmariage.com\/wp-content\/uploads\/2025\/05\/2024_06_22_mariage_Prescillia_Florent_ed-905-200x300.jpg 200w, https:\/\/www.smartmariage.com\/wp-content\/uploads\/2025\/05\/2024_06_22_mariage_Prescillia_Florent_ed-905-768x1152.jpg 768w, https:\/\/www.smartmariage.com\/wp-content\/uploads\/2025\/05\/2024_06_22_mariage_Prescillia_Florent_ed-905-683x1024.jpg 683w, https:\/\/www.smartmariage.com\/wp-content\/uploads\/2025\/05\/2024_06_22_mariage_Prescillia_Florent_ed-905-1024x1536.jpg 1024w\" sizes=\"(max-width: 1067px) 100vw, 1067px\"><\/div>\n\t\t<\/figure>\n\t<\/div>\n<\/div><\/div><\/div><\/div><div class=\"vc_row-full-width vc_clearfix\"><\/div><div class=\"vc_row wpb_row vc_row-fluid vc_column-gap-0\"><div class=\"wpb_column vc_column_container vc_col-sm-12 occ-918583\"><div class=\"vc_column-inner\"><div class=\"wpb_wrapper\">\n\t<div class=\"wpb_text_column wpb_content_element vc_custom_1746446432006\" >\n\t\t<div class=\"wpb_wrapper\">\n\t\t\t<p>R\u00e9sultat : <strong data-start=\"1753\" data-end=\"1798\">vous profitez pleinement de votre journ\u00e9e<\/strong>, entour\u00e9s, rassur\u00e9s et disponibles pour ce qui compte vraiment\u2026 <strong data-start=\"1863\" data-end=\"1887\">vivre chaque instant<\/strong>.<\/p>\n\n\t\t<\/div>\n\t<\/div>\n<div class=\"vc_empty_space\"   style=\"height: 32px\"><span class=\"vc_empty_space_inner\"><\/span><\/div><div class=\"wpb_gallery wpb_content_element vc_clearfix wpb_content_element\" ><div class=\"wpb_wrapper\"><div class=\"wpb_gallery_slides wpb_flexslider flexslider_fade flexslider\" data-interval=\"3\" data-flex_fx=\"fade\"><ul class=\"slides\"><li><a class=\"\" href=\"https:\/\/www.smartmariage.com\/wp-content\/uploads\/2025\/05\/MaudampMaxime-118-1-683x1024.jpg\" data-lightbox=\"lightbox[rel-566-998963900]\"><img decoding=\"async\" width=\"150\" height=\"150\" src=\"https:\/\/www.smartmariage.com\/wp-content\/uploads\/2025\/05\/MaudampMaxime-118-1-150x150.jpg\" class=\"attachment-thumbnail\" alt=\"\" title=\"Maud&amp;Maxime-118\" srcset=\"https:\/\/www.smartmariage.com\/wp-content\/uploads\/2025\/05\/MaudampMaxime-118-1-150x150.jpg 150w, https:\/\/www.smartmariage.com\/wp-content\/uploads\/2025\/05\/MaudampMaxime-118-1-720x720.jpg 720w\" sizes=\"(max-width: 150px) 100vw, 150px\"><\/a><\/li><li><a class=\"\" href=\"https:\/\/www.smartmariage.com\/wp-content\/uploads\/2025\/05\/TJP_1964-1024x684.jpg\" data-lightbox=\"lightbox[rel-566-998963900]\"><img decoding=\"async\" width=\"150\" height=\"150\" src=\"https:\/\/www.smartmariage.com\/wp-content\/uploads\/2025\/05\/TJP_1964-150x150.jpg\" class=\"attachment-thumbnail\" alt=\"\" title=\"TJP_1964\" srcset=\"https:\/\/www.smartmariage.com\/wp-content\/uploads\/2025\/05\/TJP_1964-150x150.jpg 150w, https:\/\/www.smartmariage.com\/wp-content\/uploads\/2025\/05\/TJP_1964-720x720.jpg 720w\" sizes=\"(max-width: 150px) 100vw, 150px\"><\/a><\/li><li><a class=\"\" href=\"https:\/\/www.smartmariage.com\/wp-content\/uploads\/2025\/05\/Mariage-Stephanie-Romain-204-4-1024x683.jpg\" data-lightbox=\"lightbox[rel-566-998963900]\"><img decoding=\"async\" width=\"150\" height=\"150\" src=\"https:\/\/www.smartmariage.com\/wp-content\/uploads\/2025\/05\/Mariage-Stephanie-Romain-204-4-150x150.jpg\" class=\"attachment-thumbnail\" alt=\"\" title=\"St\u00e9phanie &amp; Romain\" srcset=\"https:\/\/www.smartmariage.com\/wp-content\/uploads\/2025\/05\/Mariage-Stephanie-Romain-204-4-150x150.jpg 150w, https:\/\/www.smartmariage.com\/wp-content\/uploads\/2025\/05\/Mariage-Stephanie-Romain-204-4-720x720.jpg 720w\" sizes=\"(max-width: 150px) 100vw, 150px\"><\/a><\/li><\/ul><\/div><\/div><\/div><h1 style=\"color: #c09e6f;text-align: center;font-family:Lovers Quarrel;font-weight:300;font-style:\" class=\"vc_custom_heading vc_do_custom_heading\" >Deux Wedding Planner \u00e0 vos c\u00f4t\u00e9s<\/h1>\n<div id=\"ofd-35820\" class=\"ozy-floral-divider ornament_5 align-center\">\n<svg viewbox=\"0 0 255.12 23.4\"><use xlink:href=\"https:\/\/www.smartmariage.com\/wp-content\/plugins\/ozy-wedding-planner-essentials\/images\/ornament_divider5.svg#ornament_divider5\"><\/use><\/svg><\/div><div class=\"vc_empty_space\"   style=\"height: 32px\"><span class=\"vc_empty_space_inner\"><\/span><\/div><\/div><\/div><\/div><\/div><div class=\"vc_row wpb_row vc_row-fluid vc_column-gap-0\"><div class=\"wpb_column vc_column_container vc_col-sm-12 occ-11248\"><div class=\"vc_column-inner\"><div class=\"wpb_wrapper\"><\/div><\/div><\/div><\/div>\n<\/div>","protected":false},"excerpt":{"rendered":"Formule Harmonie SUIVI SUR 4 MOIS + PR\u00c9SENCE LE JOUR J (\u00c9tapes 6 &amp; 7) Gestion compl\u00e8te du jour J\u00a0 Planning Coordination du planning heure par heureDe la coiffure matinale [...]","protected":false},"author":1,"featured_media":0,"parent":476,"menu_order":0,"comment_status":"closed","ping_status":"closed","template":"","meta":{"footnotes":""},"class_list":["post-566","page","type-page","status-publish","hentry"],"_links":{"self":[{"href":"https:\/\/www.smartmariage.com\/en\/wp-json\/wp\/v2\/pages\/566","targetHints":{"allow":["GET"]}}],"collection":[{"href":"https:\/\/www.smartmariage.com\/en\/wp-json\/wp\/v2\/pages"}],"about":[{"href":"https:\/\/www.smartmariage.com\/en\/wp-json\/wp\/v2\/types\/page"}],"author":[{"embeddable":true,"href":"https:\/\/www.smartmariage.com\/en\/wp-json\/wp\/v2\/users\/1"}],"replies":[{"embeddable":true,"href":"https:\/\/www.smartmariage.com\/en\/wp-json\/wp\/v2\/comments?post=566"}],"version-history":[{"count":0,"href":"https:\/\/www.smartmariage.com\/en\/wp-json\/wp\/v2\/pages\/566\/revisions"}],"up":[{"embeddable":true,"href":"https:\/\/www.smartmariage.com\/en\/wp-json\/wp\/v2\/pages\/476"}],"wp:attachment":[{"href":"https:\/\/www.smartmariage.com\/en\/wp-json\/wp\/v2\/media?parent=566"}],"curies":[{"name":"wp","href":"https:\/\/api.w.org\/{rel}","templated":true}]}}