{"id":587,"date":"2017-01-24T08:34:18","date_gmt":"2017-01-24T08:34:18","guid":{"rendered":"http:\/\/wedding-planner.freevision.me\/?page_id=587"},"modified":"2025-05-08T21:55:32","modified_gmt":"2025-05-08T19:55:32","slug":"catering","status":"publish","type":"page","link":"https:\/\/www.smartmariage.com\/en\/services\/catering\/","title":{"rendered":"Organisation Partielle"},"content":{"rendered":"<div class=\"wpb-content-wrapper\"><div data-vc-full-width=\"true\" data-vc-full-width-init=\"false\" data-vc-stretch-content=\"true\" class=\"vc_row wpb_row vc_row-fluid vc_custom_1485197870743 vc_column-gap-0\"><div class=\"wpb_column vc_column_container vc_col-sm-8 occ-376336\"><div class=\"vc_column-inner\"><div class=\"wpb_wrapper\"><h3 class=\"ozy-divider-cap-left wpb_content_element\"  style=\"color:#c09e6f\" >Formule Intuition\/ Essentielle<\/h3><div class=\"ozy-content-divider\" style=\"border-top-style:solid;border-top-width:2px;border-top-color:#c09e6f!important;width:40px;max-width:40px;left:0;\"><\/div>\n\t<div class=\"wpb_text_column wpb_content_element vc_custom_1746448173503\" >\n\t\t<div class=\"wpb_wrapper\">\n\t\t\t<p><span class=\"OYPEnA font-feature-liga-off font-feature-clig-off font-feature-calt-off text-decoration-none text-strikethrough-none\">SUIVI SUR 6 MOIS MAIS PAS DE PR\u00c9SENCE LE JOUR J (\u00c9tapes 1 \u00e0 6)\u00a0<\/span><\/p>\n<p>2 FORMULES :<\/p>\n<p>&#8211;<strong>Intuition<\/strong> : <span class=\"OYPEnA font-feature-liga-off font-feature-clig-off font-feature-calt-off text-decoration-none text-strikethrough-none\">Recherches des principaux prestataires (Lieu, Traiteur, DJ, Photographe\/ vid\u00e9aste) et incluant la coordination Jour J<\/span><\/p>\n<p>&#8211;<strong>Essentielle<\/strong> : Organiser un mariage demande du temps, de l\u2019organisation\u2026 et souvent un peu (beaucoup) de sang-froid. C\u2019est pourquoi nous vous proposons un accompagnement complet jusqu\u2019\u00e0 la veille du grand jour, pour avancer \u00e0 votre rythme, avec une \u00e9quipe exp\u00e9riment\u00e9e \u00e0 vos c\u00f4t\u00e9s.<\/p>\n\n\t\t<\/div>\n\t<\/div>\n\n<div id=\"ocl-33693\" class=\"ozy-custom-list wpb_content_element\">\n<\/p>\n<ul>\n<li><i class=\"oic-heart-2\"><\/i><em><strong><span class=\"OYPEnA font-feature-liga-off font-feature-clig-off font-feature-calt-off text-decoration-none text-strikethrough-none\">Planning<\/span><\/strong><\/em><\/li>\n<\/ul>\n<p>Nous construisons avec vous un r\u00e9troplanning personnalis\u00e9, qui vous permet de savoir quoi faire, quand, et dans quel ordre. Plus de stress, juste une belle dynamique.<\/p>\n<p>&nbsp;<\/p>\n<ul>\n<li><i class=\"oic-heart-2\"><\/i><em><strong><span class=\"OYPEnA font-feature-liga-off font-feature-clig-off font-feature-calt-off text-decoration-none text-strikethrough-none\">Budget<\/span><\/strong><\/em><\/li>\n<\/ul>\n<p>Nous vous aidons \u00e0 d\u00e9finir, r\u00e9partir et ajuster votre budget poste par poste, pour garder le cap sans mauvaises surprises.<\/p>\n<p>&nbsp;<\/p>\n<ul>\n<li><i class=\"oic-heart-2\"><\/i><em><strong><span class=\"OYPEnA font-feature-liga-off font-feature-clig-off font-feature-calt-off text-decoration-none text-strikethrough-none\">Suivi des contrats<\/span><\/strong><\/em><\/li>\n<\/ul>\n<p>Nous relisons, centralisons et archivons tous vos documents : vous gardez une vue claire de vos engagements, et nous restons en lien avec chaque prestataire.<\/p>\n<p>&nbsp;<\/p>\n<ul>\n<li><i class=\"oic-heart-2\"><\/i><em><strong><span class=\"OYPEnA font-feature-liga-off font-feature-clig-off font-feature-calt-off text-decoration-none text-strikethrough-none\">Prestataires<\/span><\/strong><\/em><\/li>\n<\/ul>\n<p>Photographe, traiteur, DJ, fleuriste, papeterie, location de mobilier\u2026 nous vous aidons \u00e0 faire les bons choix, au bon moment, et \u00e0 obtenir les meilleurs rapports qualit\u00e9\/prix.<\/p>\n<p>&nbsp;<\/p>\n<ul>\n<li><i class=\"oic-heart-2\"><\/i><em><strong><span class=\"OYPEnA font-feature-liga-off font-feature-clig-off font-feature-calt-off text-decoration-none text-strikethrough-none\">D\u00e9coration<\/span><\/strong><\/em><\/li>\n<\/ul>\n<p>Moodboard, plan de tables, sc\u00e9nographie\u2026 nous vous accompagnons dans la cr\u00e9ation d\u2019un univers qui vous ressemble.<\/p>\n<p>&nbsp;<\/p>\n<ul>\n<li><i class=\"oic-heart-2\"><\/i><em><strong>Soutien et \u00e9coute<\/strong><\/em><\/li>\n<\/ul>\n<p class=\"\" data-start=\"1498\" data-end=\"1654\">Besoin de r\u00e9assurance ? De trancher entre deux options ? D\u2019un avis neutre et bienveillant ? On est l\u00e0. Pour de vrai.<\/p>\n<p><\/div><\/div><\/div><\/div><div class=\"wpb_column vc_column_container vc_col-sm-4 occ-453924\"><div class=\"vc_column-inner\"><div class=\"wpb_wrapper\">\n\t<div  class=\"wpb_single_image wpb_content_element vc_align_center wpb_content_element\">\n\t\t\n\t\t<figure class=\"wpb_wrapper vc_figure\">\n\t\t\t<div class=\"vc_single_image-wrapper   vc_box_border_grey\"><img decoding=\"async\" width=\"1709\" height=\"2560\" src=\"https:\/\/www.smartmariage.com\/wp-content\/uploads\/2025\/05\/CandreMelissa-Preparatifs-HD-101-1-1-scaled.jpg\" class=\"vc_single_image-img attachment-full\" alt=\"\" title=\"Candr\u00e9&amp;M\u00e9lissa-Pr\u00e9paratifs-HD-101 (1)\" srcset=\"https:\/\/www.smartmariage.com\/wp-content\/uploads\/2025\/05\/CandreMelissa-Preparatifs-HD-101-1-1-scaled.jpg 1709w, https:\/\/www.smartmariage.com\/wp-content\/uploads\/2025\/05\/CandreMelissa-Preparatifs-HD-101-1-1-200x300.jpg 200w, https:\/\/www.smartmariage.com\/wp-content\/uploads\/2025\/05\/CandreMelissa-Preparatifs-HD-101-1-1-768x1150.jpg 768w, https:\/\/www.smartmariage.com\/wp-content\/uploads\/2025\/05\/CandreMelissa-Preparatifs-HD-101-1-1-684x1024.jpg 684w, https:\/\/www.smartmariage.com\/wp-content\/uploads\/2025\/05\/CandreMelissa-Preparatifs-HD-101-1-1-1025x1536.jpg 1025w, https:\/\/www.smartmariage.com\/wp-content\/uploads\/2025\/05\/CandreMelissa-Preparatifs-HD-101-1-1-1367x2048.jpg 1367w, https:\/\/www.smartmariage.com\/wp-content\/uploads\/2025\/05\/CandreMelissa-Preparatifs-HD-101-1-1-1144x1714.jpg 1144w\" sizes=\"(max-width: 1709px) 100vw, 1709px\"><\/div>\n\t\t<\/figure>\n\t<\/div>\n<\/div><\/div><\/div><\/div><div class=\"vc_row-full-width vc_clearfix\"><\/div><div class=\"vc_row wpb_row vc_row-fluid vc_column-gap-0\"><div class=\"wpb_column vc_column_container vc_col-sm-12 occ-349477\"><div class=\"vc_column-inner\"><div class=\"wpb_wrapper\">\n\t<div class=\"wpb_text_column wpb_content_element vc_custom_1746447761861\" >\n\t\t<div class=\"wpb_wrapper\">\n\t\t\t<p>Du premier rendez-vous jusqu\u2019\u00e0 la veille du mariage, vous \u00eates guid\u00e9s, entour\u00e9s et soutenus.<br data-start=\"1757\" data-end=\"1760\" \/>Vous avancez en confiance, et vous vous approchez du jour J le c\u0153ur l\u00e9ger.<\/p>\n\n\t\t<\/div>\n\t<\/div>\n<div class=\"vc_empty_space\"   style=\"height: 32px\"><span class=\"vc_empty_space_inner\"><\/span><\/div><div class=\"wpb_gallery wpb_content_element vc_clearfix wpb_content_element\" ><div class=\"wpb_wrapper\"><div class=\"wpb_gallery_slides wpb_flexslider flexslider_fade flexslider\" data-interval=\"3\" data-flex_fx=\"fade\"><ul class=\"slides\"><li><a class=\"\" href=\"https:\/\/www.smartmariage.com\/wp-content\/uploads\/2025\/05\/CandreMelissa-Photosdecouple-HD-40-683x1024.jpg\" data-lightbox=\"lightbox[rel-587-3876863296]\"><img decoding=\"async\" width=\"150\" height=\"150\" src=\"https:\/\/www.smartmariage.com\/wp-content\/uploads\/2025\/05\/CandreMelissa-Photosdecouple-HD-40-scaled-e1746540644443-150x150.jpg\" class=\"attachment-thumbnail\" alt=\"\" title=\"Candr\u00e9&amp;M\u00e9lissa-Photosdecouple-HD-40\" srcset=\"https:\/\/www.smartmariage.com\/wp-content\/uploads\/2025\/05\/CandreMelissa-Photosdecouple-HD-40-scaled-e1746540644443-150x150.jpg 150w, https:\/\/www.smartmariage.com\/wp-content\/uploads\/2025\/05\/CandreMelissa-Photosdecouple-HD-40-scaled-e1746540644443-720x720.jpg 720w\" sizes=\"(max-width: 150px) 100vw, 150px\"><\/a><\/li><li><a class=\"\" href=\"https:\/\/www.smartmariage.com\/wp-content\/uploads\/2025\/05\/thomasbonnin-photographe_mariage_elodie26gauthier-374-683x1024.jpg\" data-lightbox=\"lightbox[rel-587-3876863296]\"><img decoding=\"async\" width=\"150\" height=\"150\" src=\"https:\/\/www.smartmariage.com\/wp-content\/uploads\/2025\/05\/thomasbonnin-photographe_mariage_elodie26gauthier-374-150x150.jpg\" class=\"attachment-thumbnail\" alt=\"\" title=\"Elodie &amp; Gauthier\" srcset=\"https:\/\/www.smartmariage.com\/wp-content\/uploads\/2025\/05\/thomasbonnin-photographe_mariage_elodie26gauthier-374-150x150.jpg 150w, https:\/\/www.smartmariage.com\/wp-content\/uploads\/2025\/05\/thomasbonnin-photographe_mariage_elodie26gauthier-374-720x720.jpg 720w\" sizes=\"(max-width: 150px) 100vw, 150px\"><\/a><\/li><li><a class=\"\" href=\"https:\/\/www.smartmariage.com\/wp-content\/uploads\/2025\/05\/2024_06_22_mariage_Prescillia_Florent_ed-735-683x1024.jpg\" data-lightbox=\"lightbox[rel-587-3876863296]\"><img decoding=\"async\" width=\"150\" height=\"150\" src=\"https:\/\/www.smartmariage.com\/wp-content\/uploads\/2025\/05\/2024_06_22_mariage_Prescillia_Florent_ed-735-150x150.jpg\" class=\"attachment-thumbnail\" alt=\"Prescillia et Florent\" title=\"Prescillia &amp; Florent\" srcset=\"https:\/\/www.smartmariage.com\/wp-content\/uploads\/2025\/05\/2024_06_22_mariage_Prescillia_Florent_ed-735-150x150.jpg 150w, https:\/\/www.smartmariage.com\/wp-content\/uploads\/2025\/05\/2024_06_22_mariage_Prescillia_Florent_ed-735-720x720.jpg 720w\" sizes=\"(max-width: 150px) 100vw, 150px\" \/><\/a><\/li><\/ul><\/div><\/div><\/div><h1 style=\"color: #c09e6f;text-align: center;font-family:Lovers Quarrel;font-weight:300;font-style:\" class=\"vc_custom_heading vc_do_custom_heading\" >Deux Wedding Planner \u00e0 vos c\u00f4t\u00e9s<\/h1>\n<div id=\"ofd-55646\" class=\"ozy-floral-divider ornament_5 align-center\">\n<svg viewbox=\"0 0 255.12 23.4\"><use xlink:href=\"https:\/\/www.smartmariage.com\/wp-content\/plugins\/ozy-wedding-planner-essentials\/images\/ornament_divider5.svg#ornament_divider5\"><\/use><\/svg><\/div><div class=\"vc_empty_space\"   style=\"height: 32px\"><span class=\"vc_empty_space_inner\"><\/span><\/div><\/div><\/div><\/div><\/div><div class=\"vc_row wpb_row vc_row-fluid vc_column-gap-0\"><div class=\"wpb_column vc_column_container vc_col-sm-12 occ-756970\"><div class=\"vc_column-inner\"><div class=\"wpb_wrapper\"><\/div><\/div><\/div><\/div>\n<\/div>","protected":false},"excerpt":{"rendered":"Formule Intuition\/ Essentielle SUIVI SUR 6 MOIS MAIS PAS DE PR\u00c9SENCE LE JOUR J (\u00c9tapes 1 \u00e0 6)\u00a0 2 FORMULES : -Intuition : Recherches des principaux prestataires (Lieu, Traiteur, DJ, [...]","protected":false},"author":1,"featured_media":0,"parent":476,"menu_order":0,"comment_status":"closed","ping_status":"closed","template":"","meta":{"footnotes":""},"class_list":["post-587","page","type-page","status-publish","hentry"],"_links":{"self":[{"href":"https:\/\/www.smartmariage.com\/en\/wp-json\/wp\/v2\/pages\/587","targetHints":{"allow":["GET"]}}],"collection":[{"href":"https:\/\/www.smartmariage.com\/en\/wp-json\/wp\/v2\/pages"}],"about":[{"href":"https:\/\/www.smartmariage.com\/en\/wp-json\/wp\/v2\/types\/page"}],"author":[{"embeddable":true,"href":"https:\/\/www.smartmariage.com\/en\/wp-json\/wp\/v2\/users\/1"}],"replies":[{"embeddable":true,"href":"https:\/\/www.smartmariage.com\/en\/wp-json\/wp\/v2\/comments?post=587"}],"version-history":[{"count":0,"href":"https:\/\/www.smartmariage.com\/en\/wp-json\/wp\/v2\/pages\/587\/revisions"}],"up":[{"embeddable":true,"href":"https:\/\/www.smartmariage.com\/en\/wp-json\/wp\/v2\/pages\/476"}],"wp:attachment":[{"href":"https:\/\/www.smartmariage.com\/en\/wp-json\/wp\/v2\/media?parent=587"}],"curies":[{"name":"wp","href":"https:\/\/api.w.org\/{rel}","templated":true}]}}