{"id":8,"date":"2017-01-12T19:55:53","date_gmt":"2017-01-12T19:55:53","guid":{"rendered":"http:\/\/wedding-planner.freevision.me\/?page_id=8"},"modified":"2026-05-07T18:37:13","modified_gmt":"2026-05-07T16:37:13","slug":"accueil","status":"publish","type":"page","link":"https:\/\/www.smartmariage.com\/en\/","title":{"rendered":"Accueil"},"content":{"rendered":"<div class=\"wpb-content-wrapper\"><div class=\"vc_row wpb_row vc_row-fluid vc_custom_1749128786648 vc_column-gap-0 has-kenburns vc_row-has-fill\"><div class=\"smoothslides\" id=\"orkbrns-437916\"><div style=\"background:url(https:\/\/www.smartmariage.com\/wp-content\/uploads\/2025\/05\/2024_06_22_mariage_Prescillia_Florent_ed-318.avif)\"><img decoding=\"async\" src=\"https:\/\/www.smartmariage.com\/wp-content\/uploads\/2025\/05\/2024_06_22_mariage_Prescillia_Florent_ed-318.avif\" alt=\"\" title=\"\"><\/div><div style=\"background:url(https:\/\/www.smartmariage.com\/wp-content\/uploads\/2025\/05\/moment-spark-513-scaled-1.avif)\"><img decoding=\"async\" src=\"https:\/\/www.smartmariage.com\/wp-content\/uploads\/2025\/05\/moment-spark-513-scaled-1.avif\" alt=\"\" title=\"\"><\/div><div style=\"background:url(https:\/\/www.smartmariage.com\/wp-content\/uploads\/2025\/06\/SQ-paysage-scaled.avif)\"><img decoding=\"async\" src=\"https:\/\/www.smartmariage.com\/wp-content\/uploads\/2025\/06\/SQ-paysage-scaled.avif\" alt=\"\" title=\"\"><\/div><\/div><div class=\"wpb_column vc_column_container vc_col-sm-12 occ-485702\"><div class=\"vc_column-inner\"><div class=\"wpb_wrapper\"><div id=\"oawx-7605\" class=\"ozy-anything-wrapper-x\"><div id=\"obb-1486\" class=\"ozy-border-box-wrapper\">\r\n\t\t\t\t<div class=\"ozy-border-box\">\r\n\t\t\t\t\t<span class=\"border-sides\"><\/span>\r\n\t\t\t\t\t<h2>SMART MARIAGE <br\/><\/h2>\r\n\t\t\t\t\t<div class=\"text-center\"><a href=\"https:\/\/www.smartmariage.com\/en\/offre\/\" target=\"\" class=\"generic-button generic-button-opacity\">PARLONS DE VOTRE MARIAGE<\/a><\/div>\r\n\t\t\t\t<\/div>\r\n\t\t\t<\/div><\/div><\/div><\/div><\/div><\/div><div class=\"vc_row wpb_row vc_row-fluid vc_custom_1484764203142 vc_column-gap-0\"><div class=\"wpb_column vc_column_container vc_col-sm-12 occ-847424\"><div class=\"vc_column-inner\"><div class=\"wpb_wrapper\"><h1 style=\"color: #000000;text-align: center\" class=\"vc_custom_heading vc_do_custom_heading\" >Votre mariage haut de gamme en \u00cele-de-France, orchestr\u00e9 par une experte et v\u00e9cu pleinement par vous.<\/h1><span  id=\"wofcb-87847\" class=\"ozy-custom_button_w\"><a id=\"ofcb-87847\" class=\"ozy-custom_button ocbtn-6\" href=\"https:\/\/www.smartmariage.com\/en\/about\/nos-mariages\/\" target=\"_blank\">VOIR PORTFOLIO<span><\/span><\/a><\/span><\/div><\/div><\/div><\/div><div data-vc-full-width=\"true\" data-vc-full-width-init=\"false\" data-vc-stretch-content=\"true\" class=\"vc_row wpb_row vc_row-fluid vc_custom_1485806872338 vc_column-gap-0 vc_row-no-padding\"><div class=\"wpb_column vc_column_container vc_col-sm-3 occ-693834\"><div class=\"vc_column-inner\"><div class=\"wpb_wrapper\"><div id=\"oivbx-80655\" class=\"ozy-image_video_box  no-hover\" style=\"\">\n<div class=\"overlay\"><\/div><a href=\"https:\/\/www.smartmariage.com\/en\/about\/agence-de-wedding-planner\/\" target=\"\" class=\"caption\"><h2>\u00c0 propos de votre Wedding Planner<\/h2><p>Sp\u00e9cialiste des mariages haut de gamme et des unions mixtes depuis 5 ans, j&#039;accompagne les futurs mari\u00e9s qui veulent vivre pleinement leur jour J sans g\u00e9rer quoi que ce soit. Chaque mariage est unique, con\u00e7u sur mesure, orchestr\u00e9 avec \u00e9l\u00e9gance.<\/p><span>Sophie<\/span><\/a><a href=\"https:\/\/www.smartmariage.com\/en\/about\/agence-de-wedding-planner\/\" target=\"\"><img decoding=\"async\" src=\"https:\/\/www.smartmariage.com\/wp-content\/plugins\/ozy-wedding-planner-essentials\/images\/arrow_icon.svg\" class=\"svg\" alt=\"Arrow Icon\" title=\"\"><\/a><\/div>\n<\/div><\/div><\/div><div class=\"wpb_column vc_column_container vc_col-sm-3 occ-773692\"><div class=\"vc_column-inner\"><div class=\"wpb_wrapper\">\n\t<div  class=\"wpb_single_image wpb_content_element vc_align_left wpb_content_element  preload-image\">\n\t\t\n\t\t<figure class=\"wpb_wrapper vc_figure\">\n\t\t\t<div class=\"vc_single_image-wrapper   vc_box_border_grey\"><img decoding=\"async\" width=\"683\" height=\"1024\" src=\"https:\/\/www.smartmariage.com\/wp-content\/uploads\/2025\/05\/2024_06_22_mariage_Prescillia_Florent_ed-735-683x1024.avif\" class=\"vc_single_image-img attachment-large not-transparent\" alt=\"\" title=\"2024_06_22_mariage_Prescillia_Florent_ed-735\" srcset=\"https:\/\/www.smartmariage.com\/wp-content\/uploads\/2025\/05\/2024_06_22_mariage_Prescillia_Florent_ed-735-683x1024.avif 683w, https:\/\/www.smartmariage.com\/wp-content\/uploads\/2025\/05\/2024_06_22_mariage_Prescillia_Florent_ed-735-200x300.avif 200w, https:\/\/www.smartmariage.com\/wp-content\/uploads\/2025\/05\/2024_06_22_mariage_Prescillia_Florent_ed-735-768x1152.avif 768w, https:\/\/www.smartmariage.com\/wp-content\/uploads\/2025\/05\/2024_06_22_mariage_Prescillia_Florent_ed-735-1024x1536.avif 1024w, https:\/\/www.smartmariage.com\/wp-content\/uploads\/2025\/05\/2024_06_22_mariage_Prescillia_Florent_ed-735.avif 1067w\" sizes=\"(max-width: 683px) 100vw, 683px\" data-has-transparency=\"false\" data-dominant-color=\"9b7980\" style=\"--dominant-color: #9b7980;\"><\/div>\n\t\t<\/figure>\n\t<\/div>\n<\/div><\/div><\/div><div class=\"wpb_column vc_column_container vc_col-sm-3 occ-540566\"><div class=\"vc_column-inner\"><div class=\"wpb_wrapper\">\n\t<div  class=\"wpb_single_image wpb_content_element vc_align_left wpb_content_element\">\n\t\t\n\t\t<figure class=\"wpb_wrapper vc_figure\">\n\t\t\t<div class=\"vc_single_image-wrapper   vc_box_border_grey\"><img decoding=\"async\" width=\"683\" height=\"1024\" src=\"https:\/\/www.smartmariage.com\/wp-content\/uploads\/2025\/05\/CandreMelissa-Mairie-HD-80-1-683x1024.jpg\" class=\"vc_single_image-img attachment-large\" alt=\"\" title=\"Candr\u00e9&amp;M\u00e9lissa-Mairie-HD-80\" srcset=\"https:\/\/www.smartmariage.com\/wp-content\/uploads\/2025\/05\/CandreMelissa-Mairie-HD-80-1-683x1024.jpg 683w, https:\/\/www.smartmariage.com\/wp-content\/uploads\/2025\/05\/CandreMelissa-Mairie-HD-80-1-200x300.jpg 200w, https:\/\/www.smartmariage.com\/wp-content\/uploads\/2025\/05\/CandreMelissa-Mairie-HD-80-1-768x1152.jpg 768w, https:\/\/www.smartmariage.com\/wp-content\/uploads\/2025\/05\/CandreMelissa-Mairie-HD-80-1-1024x1536.jpg 1024w, https:\/\/www.smartmariage.com\/wp-content\/uploads\/2025\/05\/CandreMelissa-Mairie-HD-80-1-1365x2048.jpg 1365w, https:\/\/www.smartmariage.com\/wp-content\/uploads\/2025\/05\/CandreMelissa-Mairie-HD-80-1-1144x1716.jpg 1144w, https:\/\/www.smartmariage.com\/wp-content\/uploads\/2025\/05\/CandreMelissa-Mairie-HD-80-1-scaled.jpg 1707w\" sizes=\"(max-width: 683px) 100vw, 683px\"><\/div>\n\t\t<\/figure>\n\t<\/div>\n<\/div><\/div><\/div><div class=\"wpb_column vc_column_container vc_col-sm-3 occ-978557\"><div class=\"vc_column-inner\"><div class=\"wpb_wrapper\">\n\t<div  class=\"wpb_single_image wpb_content_element vc_align_left wpb_content_element\">\n\t\t\n\t\t<figure class=\"wpb_wrapper vc_figure\">\n\t\t\t<div class=\"vc_single_image-wrapper   vc_box_border_grey\"><img decoding=\"async\" width=\"683\" height=\"1024\" src=\"https:\/\/www.smartmariage.com\/wp-content\/uploads\/2025\/05\/MaudampMaxime-813-683x1024.jpg\" class=\"vc_single_image-img attachment-large\" alt=\"\" title=\"Maud&amp;Maxime-813\" srcset=\"https:\/\/www.smartmariage.com\/wp-content\/uploads\/2025\/05\/MaudampMaxime-813-683x1024.jpg 683w, https:\/\/www.smartmariage.com\/wp-content\/uploads\/2025\/05\/MaudampMaxime-813-1365x2048.jpg 1365w, https:\/\/www.smartmariage.com\/wp-content\/uploads\/2025\/05\/MaudampMaxime-813-200x300.jpg 200w, https:\/\/www.smartmariage.com\/wp-content\/uploads\/2025\/05\/MaudampMaxime-813-768x1152.jpg 768w, https:\/\/www.smartmariage.com\/wp-content\/uploads\/2025\/05\/MaudampMaxime-813-1024x1536.jpg 1024w, https:\/\/www.smartmariage.com\/wp-content\/uploads\/2025\/05\/MaudampMaxime-813-1144x1716.jpg 1144w, https:\/\/www.smartmariage.com\/wp-content\/uploads\/2025\/05\/MaudampMaxime-813-scaled.jpg 1707w\" sizes=\"(max-width: 683px) 100vw, 683px\"><\/div>\n\t\t<\/figure>\n\t<\/div>\n<\/div><\/div><\/div><\/div><div class=\"vc_row-full-width vc_clearfix\"><\/div><div class=\"vc_row wpb_row vc_row-fluid vc_custom_1484560288418 vc_row-has-fill vc_column-gap-0\"><div class=\"wpb_column vc_column_container vc_col-sm-12 occ-644950\"><div class=\"vc_column-inner\"><div class=\"wpb_wrapper\">\n\t<div  class=\"wpb_single_image wpb_content_element vc_align_center wpb_content_element  svg\">\n\t\t\n\t\t<figure class=\"wpb_wrapper vc_figure\">\n\t\t\t<div class=\"vc_single_image-wrapper   vc_box_border_grey\"><img decoding=\"async\" width=\"150\" height=\"150\" src=\"https:\/\/www.smartmariage.com\/wp-content\/uploads\/2025\/05\/Capture-decran-2025-05-07-a-14.18.53-150x150.png\" class=\"vc_single_image-img attachment-thumbnail\" alt=\"mariage parfait\" title=\"Capture d\u2019\u00e9cran 2025-05-07 \u00e0 14.18.53\" \/><\/div>\n\t\t<\/figure>\n\t<\/div>\n<h2 style=\"color: #000000;text-align: center\" class=\"vc_custom_heading vc_do_custom_heading\" >D\u00e9couvrez le...Smart Mariage<\/h2><div class=\"carousel single wpb_content_element flickity-carousel  item-count-1\" data-flickity='{ \"pageDots\": true, \"prevNextButtons\": false, \"groupCells\": false, \"contain\" : true, \"cellAlign\": \"left\", \"adaptiveHeight\": false, \"imagesLoaded\": true, \"setGallerySize\": true, \"autoPlay\": 3000 }'>\n<div class=\"ozy-caroseul_item testimonial carousel-cell\">\n<div class=\"testimonial\">\n<p class=\"testimonial-quote heading-font\">Un Smart Mariage, c'est un mariage pens\u00e9 avec intelligence et \u00e9l\u00e9gance. Chaque d\u00e9tail orchestr\u00e9 avec soin, chaque prestataire s\u00e9lectionn\u00e9 avec exigence, chaque c\u00e9r\u00e9monie qu'elle soit civile, religieuse ou traditionnelle coordonn\u00e9e \u00e0 la perfection. Pour que vous soyez pleinement pr\u00e9sents l'un pour l'autre, le jour le plus important de votre vie. Votre wedding planner \u00e0 Paris et en \u00cele-de-France.<\/p>\n<span class=\"testimonial-author content-color heading-font\"><\/span>\n<\/div>\n<\/div>\n\n<div class=\"ozy-caroseul_item testimonial carousel-cell\">\n<div class=\"testimonial\">\n<p class=\"testimonial-quote heading-font\">Organiser un mariage haut de gamme, c'est avant tout une question d'expertise et de vision. S\u00e9lectionner les bons prestataires, cr\u00e9er un fil conducteur coh\u00e9rent entre la c\u00e9r\u00e9monie et la r\u00e9ception, anticiper chaque d\u00e9tail pour que rien ne soit laiss\u00e9 au hasard. Des compositions florales somptueuses qui racontent votre histoire, un lieu d'exception qui vous ressemble, une ambiance pens\u00e9e dans les moindres d\u00e9tails c'est \u00e7a, un Smart Mariage. Pas un compromis. Une excellence sur mesure.<\/p>\n<span class=\"testimonial-author content-color heading-font\"><\/span>\n<\/div>\n<\/div>\n\n<div class=\"ozy-caroseul_item testimonial carousel-cell\">\n<div class=\"testimonial\">\n<p class=\"testimonial-quote heading-font\">Faire appel \u00e0 une wedding planner experte, c'est s'assurer que chaque prestataire est soigneusement s\u00e9lectionn\u00e9 pour son savoir-faire, sa fiabilit\u00e9 et sa capacit\u00e9 \u00e0 sublimer votre vision. C'est aussi b\u00e9n\u00e9ficier d'un r\u00e9seau de partenaires haut de gamme en \u00cele-de-France, construits au fil de 5 ans de collaborations exigeantes. Le r\u00e9sultat ? Un mariage fluide, \u00e9l\u00e9gant, et inoubliable o\u00f9 vous n'avez qu'une seule chose \u00e0 faire : profiter.<\/p>\n<span class=\"testimonial-author content-color heading-font\"><\/span>\n<\/div>\n<\/div>\n<\/div><span  id=\"wofcb-36300\" class=\"ozy-custom_button_w\"><a id=\"ofcb-36300\" class=\"ozy-custom_button ocbtn-6\" href=\"https:\/\/www.smartmariage.com\/en\/blog\/\" target=\"_blank\">en savoir plus<span><\/span><\/a><\/span><\/div><\/div><\/div><\/div><div data-vc-full-width=\"true\" data-vc-full-width-init=\"false\" data-vc-stretch-content=\"true\" class=\"vc_row wpb_row vc_row-fluid vc_custom_1485807071740 vc_row-has-fill vc_column-gap-0\"><div class=\"wpb_column vc_column_container vc_col-sm-12 occ-155268\"><div class=\"vc_column-inner\"><div class=\"wpb_wrapper\"><h2 style=\"color: #000000;text-align: center\" class=\"vc_custom_heading vc_do_custom_heading\" >Le Quotidien du Blog<\/h2><div class=\"vc_empty_space\"   style=\"height: 30px\"><span class=\"vc_empty_space_inner\"><\/span><\/div><table class=\"ozy-fancyaccordion-feed wpb_content_element\"><tr class=\"title\"><td class=\"heading-font\"><span class=\"category generic-button content-font\">Smart tips<\/span>5 October 2025<\/td><td><div class=\"category-mobile\"><span class=\"category generic-button content-font\">Smart tips<\/span><br>5 October 2025<\/div><h3 class=\"t\">Mariage express par Smart Mariage<\/h3><span class=\"plus-icon\"><span class=\"h\"><\/span><span class=\"v\"><\/span><\/span><\/td><\/tr><tr class=\"excerpt\"><td><div>&nbsp;<\/div><\/td><td><div>Organiser un mariage en 7 mois peut sembler un pari ambitieux. Et pourtant, avec une \u00e9quipe professionnelle, des prestataires fiables, et une \u00e9coute attentive des envies des mari\u00e9s, tout devient <p><a href=\"https:\/\/www.smartmariage.com\/en\/2025\/10\/05\/mariage-express-par-smart-mariage\/\">En savoir plus<\/a><\/p><\/div><\/td><\/tr><tr class=\"title\"><td class=\"heading-font\"><span class=\"category generic-button content-font\">Smart tips<\/span>31 July 2025<\/td><td><div class=\"category-mobile\"><span class=\"category generic-button content-font\">Smart tips<\/span><br>31 July 2025<\/div><h3 class=\"t\">Photos de couple mariage : Nos conseils<\/h3><span class=\"plus-icon\"><span class=\"h\"><\/span><span class=\"v\"><\/span><\/span><\/td><\/tr><tr class=\"excerpt\"><td><div>&nbsp;<\/div><\/td><td><div>L\u2019importance des photos de couple : un instant pr\u00e9cieux \u00e0 immortaliser I. L\u2019importance des photos de couple Le jour du mariage est une v\u00e9ritable tornade d\u2019\u00e9motions. Il passe \u00e0 une [&hellip;]<p><a href=\"https:\/\/www.smartmariage.com\/en\/2025\/07\/31\/photos-de-couple-mariage\/\">En savoir plus<\/a><\/p><\/div><\/td><\/tr><tr class=\"title\"><td class=\"heading-font\"><span class=\"category generic-button content-font\">Non class\u00e9<\/span>30 July 2025<\/td><td><div class=\"category-mobile\"><span class=\"category generic-button content-font\">Non class\u00e9<\/span><br>30 July 2025<\/div><h3 class=\"t\">R\u00e9troplanning mariage<\/h3><span class=\"plus-icon\"><span class=\"h\"><\/span><span class=\"v\"><\/span><\/span><\/td><\/tr><tr class=\"excerpt\"><td><div>&nbsp;<\/div><\/td><td><div>R\u00e9troplanning \u00a0mariage : votre alli\u00e9 pour une organisation r\u00e9ussie Organiser un mariage est une aventure merveilleuse\u2026 mais aussi un v\u00e9ritable d\u00e9fi logistique ! Entre Le r\u00e9troplanning mariage est <p><a href=\"https:\/\/www.smartmariage.com\/en\/2025\/07\/30\/retroplanning-mariage\/\">En savoir plus<\/a><\/p><\/div><\/td><\/tr><tr class=\"title\"><td class=\"heading-font\"><span class=\"category generic-button content-font\">Non class\u00e9<\/span>11 July 2025<\/td><td><div class=\"category-mobile\"><span class=\"category generic-button content-font\">Non class\u00e9<\/span><br>11 July 2025<\/div><h3 class=\"t\">Animation de mariage<\/h3><span class=\"plus-icon\"><span class=\"h\"><\/span><span class=\"v\"><\/span><\/span><\/td><\/tr><tr class=\"excerpt\"><td><div>&nbsp;<\/div><\/td><td><div>Animations de mariage : les id\u00e9es incontournables pour une journ\u00e9e inoubliable Pour que le jour du mariage, moment unique charg\u00e9 d\u2019\u00e9motions et de souvenirs inoubliables, reste grav\u00e9 dans les <p><a href=\"https:\/\/www.smartmariage.com\/en\/2025\/07\/11\/animation-de-mariage\/\">En savoir plus<\/a><\/p><\/div><\/td><\/tr><\/table><div class=\"vc_empty_space\"   style=\"height: 30px\"><span class=\"vc_empty_space_inner\"><\/span><\/div><span  id=\"wofcb-11007\" class=\"ozy-custom_button_w\"><a id=\"ofcb-11007\" class=\"ozy-custom_button ocbtn-6\" href=\"https:\/\/www.smartmariage.com\/en\/blog\/\" target=\"\">VOIR PLUS<span><\/span><\/a><\/span><\/div><\/div><\/div><\/div><div class=\"vc_row-full-width vc_clearfix\"><\/div>\n<\/div>","protected":false},"excerpt":{"rendered":"Animations de mariage : les id\u00e9es incontournables pour une journ\u00e9e inoubliable Pour que le jour du mariage, moment unique charg\u00e9 d\u2019\u00e9motions et de souvenirs inoubliables, reste grav\u00e9 dans les m\u00e9moires [...]","protected":false},"author":1,"featured_media":0,"parent":0,"menu_order":0,"comment_status":"closed","ping_status":"closed","template":"page-full.php","meta":{"footnotes":""},"class_list":["post-8","page","type-page","status-publish","hentry","cat-1-id","has_thumb"],"_links":{"self":[{"href":"https:\/\/www.smartmariage.com\/en\/wp-json\/wp\/v2\/pages\/8","targetHints":{"allow":["GET"]}}],"collection":[{"href":"https:\/\/www.smartmariage.com\/en\/wp-json\/wp\/v2\/pages"}],"about":[{"href":"https:\/\/www.smartmariage.com\/en\/wp-json\/wp\/v2\/types\/page"}],"author":[{"embeddable":true,"href":"https:\/\/www.smartmariage.com\/en\/wp-json\/wp\/v2\/users\/1"}],"replies":[{"embeddable":true,"href":"https:\/\/www.smartmariage.com\/en\/wp-json\/wp\/v2\/comments?post=8"}],"version-history":[{"count":26,"href":"https:\/\/www.smartmariage.com\/en\/wp-json\/wp\/v2\/pages\/8\/revisions"}],"predecessor-version":[{"id":4509,"href":"https:\/\/www.smartmariage.com\/en\/wp-json\/wp\/v2\/pages\/8\/revisions\/4509"}],"wp:attachment":[{"href":"https:\/\/www.smartmariage.com\/en\/wp-json\/wp\/v2\/media?parent=8"}],"curies":[{"name":"wp","href":"https:\/\/api.w.org\/{rel}","templated":true}]}}